{"id":1004,"date":"2025-11-30T00:00:53","date_gmt":"2025-11-30T00:00:53","guid":{"rendered":"https:\/\/www.manuelcdm.fr\/?page_id=1004"},"modified":"2025-11-30T00:00:54","modified_gmt":"2025-11-30T00:00:54","slug":"hebetement-enchantement","status":"publish","type":"page","link":"https:\/\/www.manuelcdm.fr\/index.php\/hebetement-enchantement\/","title":{"rendered":"H\u00e9b\u00e9tement (Enchantement)"},"content":{"rendered":"\n<p><strong>Temps d&#8217;incantation<\/strong>\u00a0: 1 action simple<br><strong>Port\u00e9e<\/strong>\u00a0: courte (7,50 m + 1,50 m\/2 niveaux)<br><strong>Cible<\/strong>\u00a0: 1 humano\u00efde de 4 DV ou moins<br><strong>Dur\u00e9e<\/strong>\u00a0: 1 round<br><strong>Jet de sauvegarde<\/strong>\u00a0: Volont\u00e9, annule<br><strong>R\u00e9sistance \u00e0 la magie<\/strong>\u00a0: oui<br>Cet enchantement brouille les id\u00e9es d\u2019un humano\u00efde de 4 d\u00e9s de vie ou moins, ce qui l\u2019emp\u00eache d\u2019entreprendre la moindre action. Les humano\u00efdes ayant au moins 5 DV sont immunis\u00e9s contre l\u2019h\u00e9b\u00e9tement. La victime n\u2019est pas \u00e9tourdie. Ses adversaires ne b\u00e9n\u00e9ficient donc d\u2019aucun avantage.<\/p>\n","protected":false},"excerpt":{"rendered":"<p>Temps d&#8217;incantation\u00a0: 1 action simplePort\u00e9e\u00a0: courte (7,50 m + 1,50 m\/2 niveaux)Cible\u00a0: 1 humano\u00efde de 4 DV ou moinsDur\u00e9e\u00a0: 1 roundJet de sauvegarde\u00a0: Volont\u00e9, annuleR\u00e9sistance \u00e0 la magie\u00a0: ouiCet enchantement brouille les id\u00e9es d\u2019un humano\u00efde de 4 d\u00e9s de vie ou moins, ce qui l\u2019emp\u00eache d\u2019entreprendre la moindre action. Les humano\u00efdes ayant au moins 5 [&hellip;]<\/p>\n","protected":false},"author":1,"featured_media":0,"parent":0,"menu_order":0,"comment_status":"closed","ping_status":"closed","template":"","meta":{"_themeisle_gutenberg_block_has_review":false,"footnotes":""},"class_list":["post-1004","page","type-page","status-publish","hentry"],"_links":{"self":[{"href":"https:\/\/www.manuelcdm.fr\/index.php\/wp-json\/wp\/v2\/pages\/1004","targetHints":{"allow":["GET"]}}],"collection":[{"href":"https:\/\/www.manuelcdm.fr\/index.php\/wp-json\/wp\/v2\/pages"}],"about":[{"href":"https:\/\/www.manuelcdm.fr\/index.php\/wp-json\/wp\/v2\/types\/page"}],"author":[{"embeddable":true,"href":"https:\/\/www.manuelcdm.fr\/index.php\/wp-json\/wp\/v2\/users\/1"}],"replies":[{"embeddable":true,"href":"https:\/\/www.manuelcdm.fr\/index.php\/wp-json\/wp\/v2\/comments?post=1004"}],"version-history":[{"count":1,"href":"https:\/\/www.manuelcdm.fr\/index.php\/wp-json\/wp\/v2\/pages\/1004\/revisions"}],"predecessor-version":[{"id":1005,"href":"https:\/\/www.manuelcdm.fr\/index.php\/wp-json\/wp\/v2\/pages\/1004\/revisions\/1005"}],"wp:attachment":[{"href":"https:\/\/www.manuelcdm.fr\/index.php\/wp-json\/wp\/v2\/media?parent=1004"}],"curies":[{"name":"wp","href":"https:\/\/api.w.org\/{rel}","templated":true}]}}