{"id":1009,"date":"2025-11-30T00:04:05","date_gmt":"2025-11-30T00:04:05","guid":{"rendered":"https:\/\/www.manuelcdm.fr\/?page_id=1009"},"modified":"2025-11-30T00:04:06","modified_gmt":"2025-11-30T00:04:06","slug":"claque-sonique-evocation","status":"publish","type":"page","link":"https:\/\/www.manuelcdm.fr\/index.php\/claque-sonique-evocation\/","title":{"rendered":"Claque sonique (\u00c9vocation)"},"content":{"rendered":"\n<p><strong>Temps d&#8217;incantation<\/strong>\u00a0: 1 action simple<br><strong>Port\u00e9e<\/strong>\u00a0: courte (7,50 m + 1,50 m\/2 niveaux)<br><strong>Cible<\/strong>\u00a0: 1 cr\u00e9ature ou objet<br><strong>Dur\u00e9e<\/strong>\u00a0: instantan\u00e9e<br><strong>Jet de sauvegarde<\/strong>\u00a0: Volont\u00e9, partiel<br><strong>R\u00e9sistance \u00e0 la magie<\/strong>\u00a0: oui<br>Le personnage cr\u00e9e un son bref et fort juste \u00e0 c\u00f4t\u00e9 de la cible. Celle-ci subit 1 point de d\u00e9g\u00e2ts de son et doit r\u00e9ussir un jet de Volont\u00e9 sous peine d&#8217;\u00eatre assourdie pendant 1 round. Ce sort n&#8217;a aucun effet dans une zone de silence.<\/p>\n","protected":false},"excerpt":{"rendered":"<p>Temps d&#8217;incantation\u00a0: 1 action simplePort\u00e9e\u00a0: courte (7,50 m + 1,50 m\/2 niveaux)Cible\u00a0: 1 cr\u00e9ature ou objetDur\u00e9e\u00a0: instantan\u00e9eJet de sauvegarde\u00a0: Volont\u00e9, partielR\u00e9sistance \u00e0 la magie\u00a0: ouiLe personnage cr\u00e9e un son bref et fort juste \u00e0 c\u00f4t\u00e9 de la cible. Celle-ci subit 1 point de d\u00e9g\u00e2ts de son et doit r\u00e9ussir un jet de Volont\u00e9 sous peine [&hellip;]<\/p>\n","protected":false},"author":1,"featured_media":0,"parent":0,"menu_order":0,"comment_status":"closed","ping_status":"closed","template":"","meta":{"_themeisle_gutenberg_block_has_review":false,"footnotes":""},"class_list":["post-1009","page","type-page","status-publish","hentry"],"_links":{"self":[{"href":"https:\/\/www.manuelcdm.fr\/index.php\/wp-json\/wp\/v2\/pages\/1009","targetHints":{"allow":["GET"]}}],"collection":[{"href":"https:\/\/www.manuelcdm.fr\/index.php\/wp-json\/wp\/v2\/pages"}],"about":[{"href":"https:\/\/www.manuelcdm.fr\/index.php\/wp-json\/wp\/v2\/types\/page"}],"author":[{"embeddable":true,"href":"https:\/\/www.manuelcdm.fr\/index.php\/wp-json\/wp\/v2\/users\/1"}],"replies":[{"embeddable":true,"href":"https:\/\/www.manuelcdm.fr\/index.php\/wp-json\/wp\/v2\/comments?post=1009"}],"version-history":[{"count":1,"href":"https:\/\/www.manuelcdm.fr\/index.php\/wp-json\/wp\/v2\/pages\/1009\/revisions"}],"predecessor-version":[{"id":1010,"href":"https:\/\/www.manuelcdm.fr\/index.php\/wp-json\/wp\/v2\/pages\/1009\/revisions\/1010"}],"wp:attachment":[{"href":"https:\/\/www.manuelcdm.fr\/index.php\/wp-json\/wp\/v2\/media?parent=1009"}],"curies":[{"name":"wp","href":"https:\/\/api.w.org\/{rel}","templated":true}]}}