{"id":1011,"date":"2025-11-30T00:04:52","date_gmt":"2025-11-30T00:04:52","guid":{"rendered":"https:\/\/www.manuelcdm.fr\/?page_id=1011"},"modified":"2025-11-30T00:04:53","modified_gmt":"2025-11-30T00:04:53","slug":"illumination-evocation","status":"publish","type":"page","link":"https:\/\/www.manuelcdm.fr\/index.php\/illumination-evocation\/","title":{"rendered":"Illumination (\u00c9vocation)"},"content":{"rendered":"\n<p><strong>Temps d&#8217;incantation<\/strong>\u00a0: 1 action simple<br><strong>Port\u00e9e<\/strong>\u00a0: courte (7,50 m + 1,50 m\/2 niveaux)<br><strong>Effet<\/strong>\u00a0: rayonnement de lumi\u00e8re<br><strong>Dur\u00e9e<\/strong>\u00a0: instantan\u00e9e<br><strong>Jet de sauvegarde<\/strong>\u00a0: Vigueur, annule<br><strong>R\u00e9sistance \u00e0 la magie<\/strong>\u00a0: oui<br>Ce petit tour de magie g\u00e9n\u00e8re une vive lumi\u00e8re. Pour peu qu\u2019on la fasse appara\u00eetre directement devant une cr\u00e9ature, celle-ci se retrouve \u00e9blouie pendant 1 minute sauf si elle r\u00e9ussit un jet de Vigueur. Les cr\u00e9atures aveugles, et celles qui sont d\u00e9j\u00e0 \u00e9blouies, ne sont pas affect\u00e9es par illumination.<\/p>\n","protected":false},"excerpt":{"rendered":"<p>Temps d&#8217;incantation\u00a0: 1 action simplePort\u00e9e\u00a0: courte (7,50 m + 1,50 m\/2 niveaux)Effet\u00a0: rayonnement de lumi\u00e8reDur\u00e9e\u00a0: instantan\u00e9eJet de sauvegarde\u00a0: Vigueur, annuleR\u00e9sistance \u00e0 la magie\u00a0: ouiCe petit tour de magie g\u00e9n\u00e8re une vive lumi\u00e8re. Pour peu qu\u2019on la fasse appara\u00eetre directement devant une cr\u00e9ature, celle-ci se retrouve \u00e9blouie pendant 1 minute sauf si elle r\u00e9ussit un jet [&hellip;]<\/p>\n","protected":false},"author":1,"featured_media":0,"parent":0,"menu_order":0,"comment_status":"closed","ping_status":"closed","template":"","meta":{"_themeisle_gutenberg_block_has_review":false,"footnotes":""},"class_list":["post-1011","page","type-page","status-publish","hentry"],"_links":{"self":[{"href":"https:\/\/www.manuelcdm.fr\/index.php\/wp-json\/wp\/v2\/pages\/1011","targetHints":{"allow":["GET"]}}],"collection":[{"href":"https:\/\/www.manuelcdm.fr\/index.php\/wp-json\/wp\/v2\/pages"}],"about":[{"href":"https:\/\/www.manuelcdm.fr\/index.php\/wp-json\/wp\/v2\/types\/page"}],"author":[{"embeddable":true,"href":"https:\/\/www.manuelcdm.fr\/index.php\/wp-json\/wp\/v2\/users\/1"}],"replies":[{"embeddable":true,"href":"https:\/\/www.manuelcdm.fr\/index.php\/wp-json\/wp\/v2\/comments?post=1011"}],"version-history":[{"count":1,"href":"https:\/\/www.manuelcdm.fr\/index.php\/wp-json\/wp\/v2\/pages\/1011\/revisions"}],"predecessor-version":[{"id":1012,"href":"https:\/\/www.manuelcdm.fr\/index.php\/wp-json\/wp\/v2\/pages\/1011\/revisions\/1012"}],"wp:attachment":[{"href":"https:\/\/www.manuelcdm.fr\/index.php\/wp-json\/wp\/v2\/media?parent=1011"}],"curies":[{"name":"wp","href":"https:\/\/api.w.org\/{rel}","templated":true}]}}