{"id":1013,"date":"2025-11-30T00:05:27","date_gmt":"2025-11-30T00:05:27","guid":{"rendered":"https:\/\/www.manuelcdm.fr\/?page_id=1013"},"modified":"2025-11-30T00:05:28","modified_gmt":"2025-11-30T00:05:28","slug":"lumiere-evocation","status":"publish","type":"page","link":"https:\/\/www.manuelcdm.fr\/index.php\/lumiere-evocation\/","title":{"rendered":"Lumi\u00e8re (\u00c9vocation)"},"content":{"rendered":"\n<p><strong>Temps d&#8217;incantation<\/strong>\u00a0: 1 action simple<br><strong>Port\u00e9e<\/strong>\u00a0: contact<br><strong>Cible<\/strong>\u00a0: objet touch\u00e9<br><strong>Dur\u00e9e<\/strong>\u00a0: 10 minutes\/niveau (T)<br><strong>Jet de sauvegarde<\/strong>\u00a0: aucun<br><strong>R\u00e9sistance \u00e0 la magie<\/strong>\u00a0: non<br>Lanc\u00e9 sur un objet, ce sort le fait briller comme la lumi\u00e8re d\u2019une torche, ce qui lui permet d\u2019\u00e9clairer jusqu\u2019\u00e0 6 m\u00e8tres \u00e0 la ronde (tout en offrant une lueur diffuse sur 6 m\u00e8tres de plus). L\u2019effet est immobile, mais on peut le jeter sur un objet mobile. La lumi\u00e8re n\u2019\u00e9claire plus dans une zone de t\u00e9n\u00e8bres magiques.<br>Tous les sorts de lumi\u00e8re contrent et dissipent les sorts d\u2019obscurit\u00e9 de niveau inf\u00e9rieur ou \u00e9gal.<\/p>\n","protected":false},"excerpt":{"rendered":"<p>Temps d&#8217;incantation\u00a0: 1 action simplePort\u00e9e\u00a0: contactCible\u00a0: objet touch\u00e9Dur\u00e9e\u00a0: 10 minutes\/niveau (T)Jet de sauvegarde\u00a0: aucunR\u00e9sistance \u00e0 la magie\u00a0: nonLanc\u00e9 sur un objet, ce sort le fait briller comme la lumi\u00e8re d\u2019une torche, ce qui lui permet d\u2019\u00e9clairer jusqu\u2019\u00e0 6 m\u00e8tres \u00e0 la ronde (tout en offrant une lueur diffuse sur 6 m\u00e8tres de plus). L\u2019effet est [&hellip;]<\/p>\n","protected":false},"author":1,"featured_media":0,"parent":0,"menu_order":0,"comment_status":"closed","ping_status":"closed","template":"","meta":{"_themeisle_gutenberg_block_has_review":false,"footnotes":""},"class_list":["post-1013","page","type-page","status-publish","hentry"],"_links":{"self":[{"href":"https:\/\/www.manuelcdm.fr\/index.php\/wp-json\/wp\/v2\/pages\/1013","targetHints":{"allow":["GET"]}}],"collection":[{"href":"https:\/\/www.manuelcdm.fr\/index.php\/wp-json\/wp\/v2\/pages"}],"about":[{"href":"https:\/\/www.manuelcdm.fr\/index.php\/wp-json\/wp\/v2\/types\/page"}],"author":[{"embeddable":true,"href":"https:\/\/www.manuelcdm.fr\/index.php\/wp-json\/wp\/v2\/users\/1"}],"replies":[{"embeddable":true,"href":"https:\/\/www.manuelcdm.fr\/index.php\/wp-json\/wp\/v2\/comments?post=1013"}],"version-history":[{"count":1,"href":"https:\/\/www.manuelcdm.fr\/index.php\/wp-json\/wp\/v2\/pages\/1013\/revisions"}],"predecessor-version":[{"id":1014,"href":"https:\/\/www.manuelcdm.fr\/index.php\/wp-json\/wp\/v2\/pages\/1013\/revisions\/1014"}],"wp:attachment":[{"href":"https:\/\/www.manuelcdm.fr\/index.php\/wp-json\/wp\/v2\/media?parent=1013"}],"curies":[{"name":"wp","href":"https:\/\/api.w.org\/{rel}","templated":true}]}}