{"id":1023,"date":"2025-11-30T00:08:44","date_gmt":"2025-11-30T00:08:44","guid":{"rendered":"https:\/\/www.manuelcdm.fr\/?page_id=1023"},"modified":"2025-11-30T00:08:44","modified_gmt":"2025-11-30T00:08:44","slug":"son-imaginaire-illusion","status":"publish","type":"page","link":"https:\/\/www.manuelcdm.fr\/index.php\/son-imaginaire-illusion\/","title":{"rendered":"Son imaginaire (Illusion)"},"content":{"rendered":"\n<p><strong>Temps d&#8217;incantation<\/strong>\u00a0: 1 action simple<br><strong>Port\u00e9e<\/strong>\u00a0: courte (7,50 m + 1,50 m\/2 niveaux)<br><strong>Effet<\/strong>\u00a0: sons illusoires<br><strong>Dur\u00e9e<\/strong>\u00a0: 1 round\/niveau (T)<br><strong>Jet de sauvegarde<\/strong>\u00a0: Volont\u00e9, d\u00e9voile (en cas d\u2019interaction)<br><strong>R\u00e9sistance \u00e0 la magie<\/strong>\u00a0: non<br>Ce sort permet de cr\u00e9er un son d\u2019intensit\u00e9 stable ou changeante (montante, descendante, approchante, etc.). Le personnage choisit le type de bruit qu\u2019il souhaite obtenir au cours de l\u2019incantation, et il lui est par la suite impossible de le modifier.<br>Le volume du son d\u00e9pend du niveau du personnage, qui peut g\u00e9n\u00e9rer autant de bruit que quatre humains normaux par niveau de lanceur de sorts (jusqu\u2019\u00e0 un maximum de vingt humains). Il est possible de faire croire que des gens chantent ou crient non loin, ou qu\u2019ils marchent, qu\u2019ils courent, etc. Le son g\u00e9n\u00e9r\u00e9 peut prendre n\u2019importe quelle forme, du moment qu\u2019il ne d\u00e9passe pas les limites de volume impos\u00e9es. Une horde de rats courant et criant produit autant de bruit que huit humains se livrant au m\u00eame exercice. Le rugissement d\u2019un lion fait autant de bruit que seize humains, contre vingt humains pour le feulement d\u2019un tigre sanguinaire.<br>\u00c0 noter que son imaginaire permet d\u2019augmenter fortement l\u2019efficacit\u00e9 d\u2019image silencieuse.<\/p>\n","protected":false},"excerpt":{"rendered":"<p>Temps d&#8217;incantation\u00a0: 1 action simplePort\u00e9e\u00a0: courte (7,50 m + 1,50 m\/2 niveaux)Effet\u00a0: sons illusoiresDur\u00e9e\u00a0: 1 round\/niveau (T)Jet de sauvegarde\u00a0: Volont\u00e9, d\u00e9voile (en cas d\u2019interaction)R\u00e9sistance \u00e0 la magie\u00a0: nonCe sort permet de cr\u00e9er un son d\u2019intensit\u00e9 stable ou changeante (montante, descendante, approchante, etc.). Le personnage choisit le type de bruit qu\u2019il souhaite obtenir au cours de [&hellip;]<\/p>\n","protected":false},"author":1,"featured_media":0,"parent":0,"menu_order":0,"comment_status":"closed","ping_status":"closed","template":"","meta":{"_themeisle_gutenberg_block_has_review":false,"footnotes":""},"class_list":["post-1023","page","type-page","status-publish","hentry"],"_links":{"self":[{"href":"https:\/\/www.manuelcdm.fr\/index.php\/wp-json\/wp\/v2\/pages\/1023","targetHints":{"allow":["GET"]}}],"collection":[{"href":"https:\/\/www.manuelcdm.fr\/index.php\/wp-json\/wp\/v2\/pages"}],"about":[{"href":"https:\/\/www.manuelcdm.fr\/index.php\/wp-json\/wp\/v2\/types\/page"}],"author":[{"embeddable":true,"href":"https:\/\/www.manuelcdm.fr\/index.php\/wp-json\/wp\/v2\/users\/1"}],"replies":[{"embeddable":true,"href":"https:\/\/www.manuelcdm.fr\/index.php\/wp-json\/wp\/v2\/comments?post=1023"}],"version-history":[{"count":1,"href":"https:\/\/www.manuelcdm.fr\/index.php\/wp-json\/wp\/v2\/pages\/1023\/revisions"}],"predecessor-version":[{"id":1024,"href":"https:\/\/www.manuelcdm.fr\/index.php\/wp-json\/wp\/v2\/pages\/1023\/revisions\/1024"}],"wp:attachment":[{"href":"https:\/\/www.manuelcdm.fr\/index.php\/wp-json\/wp\/v2\/media?parent=1023"}],"curies":[{"name":"wp","href":"https:\/\/api.w.org\/{rel}","templated":true}]}}