{"id":1034,"date":"2025-11-30T00:15:12","date_gmt":"2025-11-30T00:15:12","guid":{"rendered":"https:\/\/www.manuelcdm.fr\/?page_id=1034"},"modified":"2025-11-30T00:15:13","modified_gmt":"2025-11-30T00:15:13","slug":"conservation-dorgane-necromantie","status":"publish","type":"page","link":"https:\/\/www.manuelcdm.fr\/index.php\/conservation-dorgane-necromantie\/","title":{"rendered":"Conservation d&#8217;organe (N\u00e9cromantie)"},"content":{"rendered":"\n<p><strong>Temps d&#8217;incantation<\/strong>\u00a0: 10 minutes<br><strong>Port\u00e9e<\/strong>\u00a0: contact<br><strong>Cible<\/strong>\u00a0: 1 organe<br><strong>Dur\u00e9e<\/strong>\u00a0: 24 heures<br><strong>Jet de sauvegarde<\/strong>\u00a0: Vigueur, annule (inoffensif)<br><strong>R\u00e9sistance \u00e0 la magie<\/strong>\u00a0: oui (inoffensif)<br>Le lanceur de sorts isole un organe provenant d&#8217;une cr\u00e9ature vivante, de mani\u00e8re \u00e0 ce qu&#8217;il ne se d\u00e9compose et ne pourrisse pas. Les jeteurs de sorts d&#8217;alignement mauvais utilisent ces organes conserv\u00e9s en tant que composantes mat\u00e9rielles de sorts. Il existe \u00e9galement des utilisations rituelles pour les parties du corps.<br>L&#8217;organe est conserv\u00e9 dans un \u00e9tat identique \u00e0 celui qu&#8217;il pr\u00e9sentait lors de l&#8217;incantation. Ce sera ainsi le cas, par exemple, d&#8217;un c\u0153ur r\u00e9colt\u00e9 encore battant et sanguinolent.<\/p>\n","protected":false},"excerpt":{"rendered":"<p>Temps d&#8217;incantation\u00a0: 10 minutesPort\u00e9e\u00a0: contactCible\u00a0: 1 organeDur\u00e9e\u00a0: 24 heuresJet de sauvegarde\u00a0: Vigueur, annule (inoffensif)R\u00e9sistance \u00e0 la magie\u00a0: oui (inoffensif)Le lanceur de sorts isole un organe provenant d&#8217;une cr\u00e9ature vivante, de mani\u00e8re \u00e0 ce qu&#8217;il ne se d\u00e9compose et ne pourrisse pas. Les jeteurs de sorts d&#8217;alignement mauvais utilisent ces organes conserv\u00e9s en tant que composantes [&hellip;]<\/p>\n","protected":false},"author":1,"featured_media":0,"parent":0,"menu_order":0,"comment_status":"closed","ping_status":"closed","template":"","meta":{"_themeisle_gutenberg_block_has_review":false,"footnotes":""},"class_list":["post-1034","page","type-page","status-publish","hentry"],"_links":{"self":[{"href":"https:\/\/www.manuelcdm.fr\/index.php\/wp-json\/wp\/v2\/pages\/1034","targetHints":{"allow":["GET"]}}],"collection":[{"href":"https:\/\/www.manuelcdm.fr\/index.php\/wp-json\/wp\/v2\/pages"}],"about":[{"href":"https:\/\/www.manuelcdm.fr\/index.php\/wp-json\/wp\/v2\/types\/page"}],"author":[{"embeddable":true,"href":"https:\/\/www.manuelcdm.fr\/index.php\/wp-json\/wp\/v2\/users\/1"}],"replies":[{"embeddable":true,"href":"https:\/\/www.manuelcdm.fr\/index.php\/wp-json\/wp\/v2\/comments?post=1034"}],"version-history":[{"count":1,"href":"https:\/\/www.manuelcdm.fr\/index.php\/wp-json\/wp\/v2\/pages\/1034\/revisions"}],"predecessor-version":[{"id":1035,"href":"https:\/\/www.manuelcdm.fr\/index.php\/wp-json\/wp\/v2\/pages\/1034\/revisions\/1035"}],"wp:attachment":[{"href":"https:\/\/www.manuelcdm.fr\/index.php\/wp-json\/wp\/v2\/media?parent=1034"}],"curies":[{"name":"wp","href":"https:\/\/api.w.org\/{rel}","templated":true}]}}