{"id":1039,"date":"2025-11-30T00:18:08","date_gmt":"2025-11-30T00:18:08","guid":{"rendered":"https:\/\/www.manuelcdm.fr\/?page_id=1039"},"modified":"2025-11-30T00:18:09","modified_gmt":"2025-11-30T00:18:09","slug":"fatigue-necromancie","status":"publish","type":"page","link":"https:\/\/www.manuelcdm.fr\/index.php\/fatigue-necromancie\/","title":{"rendered":"Fatigue (N\u00e9cromancie)"},"content":{"rendered":"\n<p><strong>Temps d&#8217;incantation<\/strong>\u00a0: 1 action simple<br><strong>Port\u00e9e<\/strong>\u00a0: contact<br><strong>Cible<\/strong>\u00a0: cr\u00e9ature touch\u00e9e<br><strong>Dur\u00e9e<\/strong>\u00a0: 1 round\/niveau<br><strong>Jet de sauvegarde<\/strong>\u00a0: Vigueur, annule<br><strong>R\u00e9sistance \u00e0 la magie<\/strong>\u00a0: oui<br>Le contact du mage est charg\u00e9 d\u2019\u00e9nergie n\u00e9gative, ce qui a pour effet de fatiguer la cible. Pour toucher celle-ci, il doit effectuer une attaque de contact. Ensuite, le sujet reste fatigu\u00e9 pour toute la dur\u00e9e du sort.<br>Ce sort n\u2019a aucun effet sur une cr\u00e9ature d\u00e9j\u00e0 fatigu\u00e9e. Contrairement \u00e0 la fatigue normale, l\u2019effet prend fin avec le sort.<\/p>\n","protected":false},"excerpt":{"rendered":"<p>Temps d&#8217;incantation\u00a0: 1 action simplePort\u00e9e\u00a0: contactCible\u00a0: cr\u00e9ature touch\u00e9eDur\u00e9e\u00a0: 1 round\/niveauJet de sauvegarde\u00a0: Vigueur, annuleR\u00e9sistance \u00e0 la magie\u00a0: ouiLe contact du mage est charg\u00e9 d\u2019\u00e9nergie n\u00e9gative, ce qui a pour effet de fatiguer la cible. Pour toucher celle-ci, il doit effectuer une attaque de contact. Ensuite, le sujet reste fatigu\u00e9 pour toute la dur\u00e9e du sort.Ce [&hellip;]<\/p>\n","protected":false},"author":1,"featured_media":0,"parent":0,"menu_order":0,"comment_status":"closed","ping_status":"closed","template":"","meta":{"_themeisle_gutenberg_block_has_review":false,"footnotes":""},"class_list":["post-1039","page","type-page","status-publish","hentry"],"_links":{"self":[{"href":"https:\/\/www.manuelcdm.fr\/index.php\/wp-json\/wp\/v2\/pages\/1039","targetHints":{"allow":["GET"]}}],"collection":[{"href":"https:\/\/www.manuelcdm.fr\/index.php\/wp-json\/wp\/v2\/pages"}],"about":[{"href":"https:\/\/www.manuelcdm.fr\/index.php\/wp-json\/wp\/v2\/types\/page"}],"author":[{"embeddable":true,"href":"https:\/\/www.manuelcdm.fr\/index.php\/wp-json\/wp\/v2\/users\/1"}],"replies":[{"embeddable":true,"href":"https:\/\/www.manuelcdm.fr\/index.php\/wp-json\/wp\/v2\/comments?post=1039"}],"version-history":[{"count":1,"href":"https:\/\/www.manuelcdm.fr\/index.php\/wp-json\/wp\/v2\/pages\/1039\/revisions"}],"predecessor-version":[{"id":1040,"href":"https:\/\/www.manuelcdm.fr\/index.php\/wp-json\/wp\/v2\/pages\/1039\/revisions\/1040"}],"wp:attachment":[{"href":"https:\/\/www.manuelcdm.fr\/index.php\/wp-json\/wp\/v2\/media?parent=1039"}],"curies":[{"name":"wp","href":"https:\/\/api.w.org\/{rel}","templated":true}]}}