{"id":1043,"date":"2025-11-30T00:19:28","date_gmt":"2025-11-30T00:19:28","guid":{"rendered":"https:\/\/www.manuelcdm.fr\/?page_id=1043"},"modified":"2025-11-30T00:19:28","modified_gmt":"2025-11-30T00:19:28","slug":"manipulation-a-distance-transmutation","status":"publish","type":"page","link":"https:\/\/www.manuelcdm.fr\/index.php\/manipulation-a-distance-transmutation\/","title":{"rendered":"Manipulation \u00e0 distance (Transmutation)"},"content":{"rendered":"\n<p><strong>Temps d&#8217;incantation<\/strong>\u00a0: 1 action simple<br><strong>Port\u00e9e<\/strong>\u00a0: courte (7,50 m + 1,50 m\/2 niveaux)<br><strong>Cible<\/strong>\u00a0: objet non magique pesant jusqu\u2019\u00e0 2,5 kg et n\u2019\u00e9tant port\u00e9 ou tenu par personne<br><strong>Dur\u00e9e<\/strong>\u00a0: concentration<br><strong>Jet de sauvegarde<\/strong>\u00a0: aucun<br><strong>R\u00e9sistance \u00e0 la magie<\/strong>\u00a0: non<br>En pointant le doigt vers l\u2019objet de son choix, le lanceur de sorts peut le soulever et le d\u00e9placer sans le toucher. En sacrifiant une action de mouvement, il peut d\u00e9placer l\u2019objet de 4,50 m\u00e8tres au maximum (dans n\u2019importe quelle direction). Le sort s\u2019arr\u00eate instantan\u00e9ment si la distance s\u00e9parant le personnage de l\u2019objet d\u00e9passe les limites de port\u00e9e indiqu\u00e9es.<\/p>\n","protected":false},"excerpt":{"rendered":"<p>Temps d&#8217;incantation\u00a0: 1 action simplePort\u00e9e\u00a0: courte (7,50 m + 1,50 m\/2 niveaux)Cible\u00a0: objet non magique pesant jusqu\u2019\u00e0 2,5 kg et n\u2019\u00e9tant port\u00e9 ou tenu par personneDur\u00e9e\u00a0: concentrationJet de sauvegarde\u00a0: aucunR\u00e9sistance \u00e0 la magie\u00a0: nonEn pointant le doigt vers l\u2019objet de son choix, le lanceur de sorts peut le soulever et le d\u00e9placer sans le toucher. [&hellip;]<\/p>\n","protected":false},"author":1,"featured_media":0,"parent":0,"menu_order":0,"comment_status":"closed","ping_status":"closed","template":"","meta":{"_themeisle_gutenberg_block_has_review":false,"footnotes":""},"class_list":["post-1043","page","type-page","status-publish","hentry"],"_links":{"self":[{"href":"https:\/\/www.manuelcdm.fr\/index.php\/wp-json\/wp\/v2\/pages\/1043","targetHints":{"allow":["GET"]}}],"collection":[{"href":"https:\/\/www.manuelcdm.fr\/index.php\/wp-json\/wp\/v2\/pages"}],"about":[{"href":"https:\/\/www.manuelcdm.fr\/index.php\/wp-json\/wp\/v2\/types\/page"}],"author":[{"embeddable":true,"href":"https:\/\/www.manuelcdm.fr\/index.php\/wp-json\/wp\/v2\/users\/1"}],"replies":[{"embeddable":true,"href":"https:\/\/www.manuelcdm.fr\/index.php\/wp-json\/wp\/v2\/comments?post=1043"}],"version-history":[{"count":1,"href":"https:\/\/www.manuelcdm.fr\/index.php\/wp-json\/wp\/v2\/pages\/1043\/revisions"}],"predecessor-version":[{"id":1044,"href":"https:\/\/www.manuelcdm.fr\/index.php\/wp-json\/wp\/v2\/pages\/1043\/revisions\/1044"}],"wp:attachment":[{"href":"https:\/\/www.manuelcdm.fr\/index.php\/wp-json\/wp\/v2\/media?parent=1043"}],"curies":[{"name":"wp","href":"https:\/\/api.w.org\/{rel}","templated":true}]}}