{"id":1045,"date":"2025-11-30T00:20:13","date_gmt":"2025-11-30T00:20:13","guid":{"rendered":"https:\/\/www.manuelcdm.fr\/?page_id=1045"},"modified":"2025-11-30T00:20:14","modified_gmt":"2025-11-30T00:20:14","slug":"message-transmutation","status":"publish","type":"page","link":"https:\/\/www.manuelcdm.fr\/index.php\/message-transmutation\/","title":{"rendered":"Message (Transmutation)"},"content":{"rendered":"\n<p><strong>Temps d&#8217;incantation<\/strong>\u00a0: 1 action simple<br><strong>Port\u00e9e<\/strong>\u00a0: moyenne (30 m + 3 m\/niveau)<br><strong>Cible<\/strong>\u00a0: 1 cr\u00e9ature\/niveau<br><strong>Dur\u00e9e<\/strong>\u00a0: 10 minutes\/niveau<br><strong>Jet de sauvegarde<\/strong>\u00a0: aucun<br><strong>R\u00e9sistance \u00e0 la magie<\/strong>\u00a0: non<br>Cette incantation permet de chuchoter des messages et d\u2019en recevoir sans risque d\u2019\u00eatre entendu par les ind\u00e9sirables. Le personnage commence par indiquer du doigt toutes les cr\u00e9atures \u00e0 inclure dans le sort. Par la suite, d\u00e8s qu\u2019il murmure, le message est entendu par tous les destinataires d\u00e9sign\u00e9s, \u00e0 condition qu\u2019ils se trouvent dans les limites de port\u00e9e. L\u2019effet du sort est bloqu\u00e9 par un silence d\u2019origine magique, 30 centim\u00e8tres de pierre, 2,5 centim\u00e8tres de m\u00e9tal (ou une fine couche de plomb) ou 90 centim\u00e8tres de bois ou de terre. Le message n\u2019a pas besoin de se d\u00e9placer en ligne droite. Il peut contourner un obstacle physique, \u00e0 condition que le chemin qu\u2019il emprunte reste \u00e0 l\u2019int\u00e9rieur des limites de port\u00e9e. Les cr\u00e9atures recevant le message peuvent \u00e0 leur tour chuchoter une r\u00e9ponse, que le personnage entend. Le sort transmet les sons, pas le sens ; il ne permet donc pas de franchir la barri\u00e8re du langage.<br>Note. Pour \u00e9noncer un message, il est n\u00e9cessaire de le prononcer tr\u00e8s bas, ce qui peut permettre \u00e0 un roublard form\u00e9 \u00e0 lire sur les l\u00e8vres de l\u2019intercepter.<\/p>\n","protected":false},"excerpt":{"rendered":"<p>Temps d&#8217;incantation\u00a0: 1 action simplePort\u00e9e\u00a0: moyenne (30 m + 3 m\/niveau)Cible\u00a0: 1 cr\u00e9ature\/niveauDur\u00e9e\u00a0: 10 minutes\/niveauJet de sauvegarde\u00a0: aucunR\u00e9sistance \u00e0 la magie\u00a0: nonCette incantation permet de chuchoter des messages et d\u2019en recevoir sans risque d\u2019\u00eatre entendu par les ind\u00e9sirables. Le personnage commence par indiquer du doigt toutes les cr\u00e9atures \u00e0 inclure dans le sort. Par la [&hellip;]<\/p>\n","protected":false},"author":1,"featured_media":0,"parent":0,"menu_order":0,"comment_status":"closed","ping_status":"closed","template":"","meta":{"_themeisle_gutenberg_block_has_review":false,"footnotes":""},"class_list":["post-1045","page","type-page","status-publish","hentry"],"_links":{"self":[{"href":"https:\/\/www.manuelcdm.fr\/index.php\/wp-json\/wp\/v2\/pages\/1045","targetHints":{"allow":["GET"]}}],"collection":[{"href":"https:\/\/www.manuelcdm.fr\/index.php\/wp-json\/wp\/v2\/pages"}],"about":[{"href":"https:\/\/www.manuelcdm.fr\/index.php\/wp-json\/wp\/v2\/types\/page"}],"author":[{"embeddable":true,"href":"https:\/\/www.manuelcdm.fr\/index.php\/wp-json\/wp\/v2\/users\/1"}],"replies":[{"embeddable":true,"href":"https:\/\/www.manuelcdm.fr\/index.php\/wp-json\/wp\/v2\/comments?post=1045"}],"version-history":[{"count":1,"href":"https:\/\/www.manuelcdm.fr\/index.php\/wp-json\/wp\/v2\/pages\/1045\/revisions"}],"predecessor-version":[{"id":1046,"href":"https:\/\/www.manuelcdm.fr\/index.php\/wp-json\/wp\/v2\/pages\/1045\/revisions\/1046"}],"wp:attachment":[{"href":"https:\/\/www.manuelcdm.fr\/index.php\/wp-json\/wp\/v2\/media?parent=1045"}],"curies":[{"name":"wp","href":"https:\/\/api.w.org\/{rel}","templated":true}]}}