{"id":1047,"date":"2025-11-30T00:20:56","date_gmt":"2025-11-30T00:20:56","guid":{"rendered":"https:\/\/www.manuelcdm.fr\/?page_id=1047"},"modified":"2025-11-30T00:20:57","modified_gmt":"2025-11-30T00:20:57","slug":"noir-transmutation","status":"publish","type":"page","link":"https:\/\/www.manuelcdm.fr\/index.php\/noir-transmutation\/","title":{"rendered":"Noir (Transmutation)"},"content":{"rendered":"\n<p><strong>Temps d&#8217;incantation<\/strong>\u00a0: 1 action simple<br><strong>Port\u00e9e<\/strong>\u00a0: courte (7,50 m + 1,50 m\/2 niveaux)<br><strong>Zone d&#8217;effet<\/strong>\u00a0: \u00e9tendue de 6 m de rayon<br><strong>Dur\u00e9e<\/strong>\u00a0: 1 m<br><strong>Jet de sauvegarde<\/strong>\u00a0: aucun<br><strong>R\u00e9sistance \u00e0 la magie<\/strong>\u00a0: non<br>Le lanceur de sorts cr\u00e9e une zone de t\u00e9n\u00e8bres. Les sources d&#8217;\u00e9clairage ordinaires ne peuvent illuminer la zone, mais la vision dans le noir y fonctionne normalement.<br>Lumi\u00e8re annule noir (et r\u00e9ciproquement), ramenant \u00e0 la normale les conditions d&#8217;\u00e9clairage existantes dans les zones o\u00f9 les deux sorts se superposent. Les sorts de lumi\u00e8re de plus haut niveau annulent et dissipent noir.<\/p>\n","protected":false},"excerpt":{"rendered":"<p>Temps d&#8217;incantation\u00a0: 1 action simplePort\u00e9e\u00a0: courte (7,50 m + 1,50 m\/2 niveaux)Zone d&#8217;effet\u00a0: \u00e9tendue de 6 m de rayonDur\u00e9e\u00a0: 1 mJet de sauvegarde\u00a0: aucunR\u00e9sistance \u00e0 la magie\u00a0: nonLe lanceur de sorts cr\u00e9e une zone de t\u00e9n\u00e8bres. Les sources d&#8217;\u00e9clairage ordinaires ne peuvent illuminer la zone, mais la vision dans le noir y fonctionne normalement.Lumi\u00e8re annule [&hellip;]<\/p>\n","protected":false},"author":1,"featured_media":0,"parent":0,"menu_order":0,"comment_status":"closed","ping_status":"closed","template":"","meta":{"_themeisle_gutenberg_block_has_review":false,"footnotes":""},"class_list":["post-1047","page","type-page","status-publish","hentry"],"_links":{"self":[{"href":"https:\/\/www.manuelcdm.fr\/index.php\/wp-json\/wp\/v2\/pages\/1047","targetHints":{"allow":["GET"]}}],"collection":[{"href":"https:\/\/www.manuelcdm.fr\/index.php\/wp-json\/wp\/v2\/pages"}],"about":[{"href":"https:\/\/www.manuelcdm.fr\/index.php\/wp-json\/wp\/v2\/types\/page"}],"author":[{"embeddable":true,"href":"https:\/\/www.manuelcdm.fr\/index.php\/wp-json\/wp\/v2\/users\/1"}],"replies":[{"embeddable":true,"href":"https:\/\/www.manuelcdm.fr\/index.php\/wp-json\/wp\/v2\/comments?post=1047"}],"version-history":[{"count":1,"href":"https:\/\/www.manuelcdm.fr\/index.php\/wp-json\/wp\/v2\/pages\/1047\/revisions"}],"predecessor-version":[{"id":1048,"href":"https:\/\/www.manuelcdm.fr\/index.php\/wp-json\/wp\/v2\/pages\/1047\/revisions\/1048"}],"wp:attachment":[{"href":"https:\/\/www.manuelcdm.fr\/index.php\/wp-json\/wp\/v2\/media?parent=1047"}],"curies":[{"name":"wp","href":"https:\/\/api.w.org\/{rel}","templated":true}]}}