{"id":1049,"date":"2025-11-30T00:21:50","date_gmt":"2025-11-30T00:21:50","guid":{"rendered":"https:\/\/www.manuelcdm.fr\/?page_id=1049"},"modified":"2025-11-30T00:21:50","modified_gmt":"2025-11-30T00:21:50","slug":"ouverture-fermeture-transmutation","status":"publish","type":"page","link":"https:\/\/www.manuelcdm.fr\/index.php\/ouverture-fermeture-transmutation\/","title":{"rendered":"Ouverture \/ Fermeture (Transmutation)"},"content":{"rendered":"\n<p><strong>Temps d&#8217;incantation<\/strong>\u00a0: 1 action simple<br><strong>Port\u00e9e<\/strong>\u00a0: courte (7,50 m + 1,50 m\/2 niveaux)<br><strong>Cible<\/strong>\u00a0: objet pesant jusqu\u2019\u00e0 15 kg ou porte pouvant \u00eatre ouverte ou ferm\u00e9e<br><strong>Dur\u00e9e<\/strong>\u00a0: instantan\u00e9e<br><strong>Jet de sauvegarde<\/strong>\u00a0: Volont\u00e9, annule (objet)<br><strong>R\u00e9sistance \u00e0 la magie<\/strong>\u00a0: oui (objet)<br>Ce sort permet, au choix, d\u2019ouvrir ou de fermer une porte, un coffre, une bo\u00eete, une fen\u00eatre, un sac, une bourse, une bouteille ou tout autre r\u00e9cipient. Il \u00e9choue automatiquement si un m\u00e9canisme de fermeture (barre, serrure ferm\u00e9e, etc.) lui r\u00e9siste. De plus, il ne peut ouvrir ou fermer que les objets pesant 15 kg ou moins Le couvercle d\u2019un gros coffre ou une porte de grande taille constituent des masses trop importantes pour lui.<\/p>\n","protected":false},"excerpt":{"rendered":"<p>Temps d&#8217;incantation\u00a0: 1 action simplePort\u00e9e\u00a0: courte (7,50 m + 1,50 m\/2 niveaux)Cible\u00a0: objet pesant jusqu\u2019\u00e0 15 kg ou porte pouvant \u00eatre ouverte ou ferm\u00e9eDur\u00e9e\u00a0: instantan\u00e9eJet de sauvegarde\u00a0: Volont\u00e9, annule (objet)R\u00e9sistance \u00e0 la magie\u00a0: oui (objet)Ce sort permet, au choix, d\u2019ouvrir ou de fermer une porte, un coffre, une bo\u00eete, une fen\u00eatre, un sac, une bourse, [&hellip;]<\/p>\n","protected":false},"author":1,"featured_media":0,"parent":0,"menu_order":0,"comment_status":"closed","ping_status":"closed","template":"","meta":{"_themeisle_gutenberg_block_has_review":false,"footnotes":""},"class_list":["post-1049","page","type-page","status-publish","hentry"],"_links":{"self":[{"href":"https:\/\/www.manuelcdm.fr\/index.php\/wp-json\/wp\/v2\/pages\/1049","targetHints":{"allow":["GET"]}}],"collection":[{"href":"https:\/\/www.manuelcdm.fr\/index.php\/wp-json\/wp\/v2\/pages"}],"about":[{"href":"https:\/\/www.manuelcdm.fr\/index.php\/wp-json\/wp\/v2\/types\/page"}],"author":[{"embeddable":true,"href":"https:\/\/www.manuelcdm.fr\/index.php\/wp-json\/wp\/v2\/users\/1"}],"replies":[{"embeddable":true,"href":"https:\/\/www.manuelcdm.fr\/index.php\/wp-json\/wp\/v2\/comments?post=1049"}],"version-history":[{"count":1,"href":"https:\/\/www.manuelcdm.fr\/index.php\/wp-json\/wp\/v2\/pages\/1049\/revisions"}],"predecessor-version":[{"id":1050,"href":"https:\/\/www.manuelcdm.fr\/index.php\/wp-json\/wp\/v2\/pages\/1049\/revisions\/1050"}],"wp:attachment":[{"href":"https:\/\/www.manuelcdm.fr\/index.php\/wp-json\/wp\/v2\/media?parent=1049"}],"curies":[{"name":"wp","href":"https:\/\/api.w.org\/{rel}","templated":true}]}}