{"id":1051,"date":"2025-11-30T00:22:29","date_gmt":"2025-11-30T00:22:29","guid":{"rendered":"https:\/\/www.manuelcdm.fr\/?page_id=1051"},"modified":"2025-11-30T00:22:30","modified_gmt":"2025-11-30T00:22:30","slug":"reparation-transmutation","status":"publish","type":"page","link":"https:\/\/www.manuelcdm.fr\/index.php\/reparation-transmutation\/","title":{"rendered":"R\u00e9paration (Transmutation)"},"content":{"rendered":"\n<p><strong>Temps d&#8217;incantation<\/strong>\u00a0: 1 action simple<br><strong>Port\u00e9e<\/strong>\u00a0: 3 m<br><strong>Cible<\/strong>\u00a0: 1 objet pesant jusqu\u2019\u00e0 500 g<br><strong>Dur\u00e9e<\/strong>\u00a0: instantan\u00e9e<br><strong>Jet de sauvegarde<\/strong>\u00a0: Volont\u00e9, annule (inoffensif, objet)<br><strong>R\u00e9sistance \u00e0 la magie<\/strong>\u00a0: oui (inoffensif, objet)<br>Ce sort permet de r\u00e9parer les dommages superficiels caus\u00e9s aux objets (f\u00ealure, d\u00e9chirure, etc., mais pas les d\u00e9formations comme dans le cas d\u2019un sort de distorsion du bois). Sur un objet m\u00e9tallique, le sort peut par exemple r\u00e9parer un anneau, ressouder un maillon de cha\u00eene cass\u00e9, reforger un m\u00e9daillon ou une dague \u00e0 lame fine (\u00e0 condition que ces objets ne soient cass\u00e9s qu\u2019en un seul endroit). Les objets en bois, c\u00e9ramique ou terre cuite sont totalement r\u00e9par\u00e9s, m\u00eame s\u2019ils \u00e9taient endommag\u00e9s en plusieurs endroits. De m\u00eame, r\u00e9paration rebouche impeccablement un trou dans un sac en cuir ou une outre. On peut utiliser ce sort pour r\u00e9parer un objet magique, mais les pouvoirs de ce dernier ne lui sont pas rendus. Cette transmutation ne permet pas de r\u00e9parer un b\u00e2ton, une baguette ou un sceptre bris\u00e9. Enfin, elle n\u2019affecte pas les cr\u00e9atures (y compris les cr\u00e9atures artificielles).<\/p>\n","protected":false},"excerpt":{"rendered":"<p>Temps d&#8217;incantation\u00a0: 1 action simplePort\u00e9e\u00a0: 3 mCible\u00a0: 1 objet pesant jusqu\u2019\u00e0 500 gDur\u00e9e\u00a0: instantan\u00e9eJet de sauvegarde\u00a0: Volont\u00e9, annule (inoffensif, objet)R\u00e9sistance \u00e0 la magie\u00a0: oui (inoffensif, objet)Ce sort permet de r\u00e9parer les dommages superficiels caus\u00e9s aux objets (f\u00ealure, d\u00e9chirure, etc., mais pas les d\u00e9formations comme dans le cas d\u2019un sort de distorsion du bois). Sur un [&hellip;]<\/p>\n","protected":false},"author":1,"featured_media":0,"parent":0,"menu_order":0,"comment_status":"closed","ping_status":"closed","template":"","meta":{"_themeisle_gutenberg_block_has_review":false,"footnotes":""},"class_list":["post-1051","page","type-page","status-publish","hentry"],"_links":{"self":[{"href":"https:\/\/www.manuelcdm.fr\/index.php\/wp-json\/wp\/v2\/pages\/1051","targetHints":{"allow":["GET"]}}],"collection":[{"href":"https:\/\/www.manuelcdm.fr\/index.php\/wp-json\/wp\/v2\/pages"}],"about":[{"href":"https:\/\/www.manuelcdm.fr\/index.php\/wp-json\/wp\/v2\/types\/page"}],"author":[{"embeddable":true,"href":"https:\/\/www.manuelcdm.fr\/index.php\/wp-json\/wp\/v2\/users\/1"}],"replies":[{"embeddable":true,"href":"https:\/\/www.manuelcdm.fr\/index.php\/wp-json\/wp\/v2\/comments?post=1051"}],"version-history":[{"count":1,"href":"https:\/\/www.manuelcdm.fr\/index.php\/wp-json\/wp\/v2\/pages\/1051\/revisions"}],"predecessor-version":[{"id":1052,"href":"https:\/\/www.manuelcdm.fr\/index.php\/wp-json\/wp\/v2\/pages\/1051\/revisions\/1052"}],"wp:attachment":[{"href":"https:\/\/www.manuelcdm.fr\/index.php\/wp-json\/wp\/v2\/media?parent=1051"}],"curies":[{"name":"wp","href":"https:\/\/api.w.org\/{rel}","templated":true}]}}