{"id":1053,"date":"2025-11-30T00:24:27","date_gmt":"2025-11-30T00:24:27","guid":{"rendered":"https:\/\/www.manuelcdm.fr\/?page_id=1053"},"modified":"2025-11-30T00:24:28","modified_gmt":"2025-11-30T00:24:28","slug":"detection-de-la-magie-universel","status":"publish","type":"page","link":"https:\/\/www.manuelcdm.fr\/index.php\/detection-de-la-magie-universel\/","title":{"rendered":"D\u00e9tection de la magie (Universel)"},"content":{"rendered":"\n<p><strong>Temps d&#8217;incantation<\/strong>\u00a0: 1 action simple<br><strong>Port\u00e9e<\/strong>\u00a0: 18 m<br><strong>Zone d&#8217;effet<\/strong>\u00a0: \u00e9manation en forme de c\u00f4ne<br><strong>Dur\u00e9e<\/strong>\u00a0: concentration, jusqu\u2019\u00e0 1 minute\/niveau (T)<br><strong>Jet de sauvegarde<\/strong>\u00a0: aucun<br><strong>R\u00e9sistance \u00e0 la magie<\/strong>\u00a0: non<br>Ce sort permet de d\u00e9tecter les auras magiques. La quantit\u00e9 de renseignements obtenus d\u00e9pend du temps que l\u2019on passe \u00e0 \u00e9tudier le sujet ou la zone.<br>Premier round : pr\u00e9sence ou absence d\u2019auras magiques.<br>Deuxi\u00e8me round : nombre d\u2019auras magiques et intensit\u00e9 de la plus puissante.<br>Troisi\u00e8me round : intensit\u00e9 et localisation pr\u00e9cise de chaque aura. Si les objets ou cr\u00e9atures concern\u00e9s se trouvent dans le champ de vision du personnage, celui-ci a la possibilit\u00e9 de tenter des tests d\u2019Art de la magie pour d\u00e9terminer l\u2019\u00e9cole de magie assortie \u00e0 chaque aura (un test par aura ; DD 15 + niveau du sort, ou 15 + moiti\u00e9 du niveau de lanceur de sorts pour un effet qui ne serait pas un sort).<br>Des auras magiques particuli\u00e8rement puissantes et d\u2019\u00e9ventuelles \u00e9manations magiques locales peuvent masquer des auras plus discr\u00e8tes.<br>Intensit\u00e9 de l\u2019aura. La puissance d\u2019une aura d\u00e9pend du sort qui la g\u00e9n\u00e8re ou du niveau de lanceur de sorts de l\u2019individu qui a cr\u00e9\u00e9 l\u2019objet magique dont elle est issue. Si une aura entre dans deux cat\u00e9gories, d\u00e9tection de la magie indique syst\u00e9matiquement la plus puissante.<\/p>\n\n\n\n<figure class=\"wp-block-table\"><table class=\"has-fixed-layout\"><tbody><tr><th rowspan=\"2\">Sort ou objet<\/th><th colspan=\"4\">Intensit\u00e9 de l\u2019aura<\/th><\/tr><tr><th>Faible<\/th><th>Mod\u00e9r\u00e9e<\/th><th>Puissante<\/th><th>Surpuissante<\/th><\/tr><tr><td>Sort actif (niveau de sort)<\/td><td>3e ou moins<\/td><td>4e\u20136e<\/td><td>7e\u20139e<\/td><td>10e ou plus (niveau divin)<\/td><\/tr><tr><td>Objet magique (niveau de lanceur de sorts)<\/td><td>5 ou moins<\/td><td>6\u201311<\/td><td>12\u201320<\/td><td>21 ou plus (artefact)<\/td><\/tr><\/tbody><\/table><\/figure>\n\n\n\n<p>Aura persistante. Une aura magique persiste une fois sa source dissip\u00e9e (dans le cas d\u2019un sort) ou an\u00e9antie (dans le cas d\u2019un objet magique). Si d\u00e9tection de la magie est lanc\u00e9 et orient\u00e9 dans cette direction, le sort indique une l\u00e9g\u00e8re aura (\u00e0 peine faible). Ensuite, tout d\u00e9pend de la source.<\/p>\n\n\n\n<figure class=\"wp-block-table\"><table class=\"has-fixed-layout\"><tbody><tr><th>Intensit\u00e9 de l\u2019aura<\/th><th>Dur\u00e9e<\/th><\/tr><tr><td>Faible<\/td><td>1d6 rounds<\/td><\/tr><tr><td>Mod\u00e9r\u00e9e<\/td><td>1d6 minutes<\/td><\/tr><tr><td>Puissante<\/td><td>1d6x10 minutes<\/td><\/tr><tr><td>Surpuissante<\/td><td>1d6 jours<\/td><\/tr><\/tbody><\/table><\/figure>\n\n\n\n<p>\u00c9l\u00e9mentaires et Ext\u00e9rieurs ne sont pas magiques en soi mais, s\u2019ils ont \u00e9t\u00e9 convoqu\u00e9s, le personnage d\u00e9tecte l\u2019aura du sort qui les a appel\u00e9s.<br>Le personnage peut se tourner pour sonder une nouvelle zone chaque round. Le sort fonctionne au travers des barri\u00e8res, \u00e0 condition qu\u2019elles ne soient pas trop \u00e9paisses : il est bloqu\u00e9 par 30 centim\u00e8tres de pierre, 2,5 centim\u00e8tres de m\u00e9tal, une mince feuille de plomb ou 90 centim\u00e8tres de bois ou de terre.<br>Il est possible d\u2019user de permanence sur d\u00e9tection de la magie.<\/p>\n","protected":false},"excerpt":{"rendered":"<p>Temps d&#8217;incantation\u00a0: 1 action simplePort\u00e9e\u00a0: 18 mZone d&#8217;effet\u00a0: \u00e9manation en forme de c\u00f4neDur\u00e9e\u00a0: concentration, jusqu\u2019\u00e0 1 minute\/niveau (T)Jet de sauvegarde\u00a0: aucunR\u00e9sistance \u00e0 la magie\u00a0: nonCe sort permet de d\u00e9tecter les auras magiques. La quantit\u00e9 de renseignements obtenus d\u00e9pend du temps que l\u2019on passe \u00e0 \u00e9tudier le sujet ou la zone.Premier round : pr\u00e9sence ou absence [&hellip;]<\/p>\n","protected":false},"author":1,"featured_media":0,"parent":0,"menu_order":0,"comment_status":"closed","ping_status":"closed","template":"","meta":{"_themeisle_gutenberg_block_has_review":false,"footnotes":""},"class_list":["post-1053","page","type-page","status-publish","hentry"],"_links":{"self":[{"href":"https:\/\/www.manuelcdm.fr\/index.php\/wp-json\/wp\/v2\/pages\/1053","targetHints":{"allow":["GET"]}}],"collection":[{"href":"https:\/\/www.manuelcdm.fr\/index.php\/wp-json\/wp\/v2\/pages"}],"about":[{"href":"https:\/\/www.manuelcdm.fr\/index.php\/wp-json\/wp\/v2\/types\/page"}],"author":[{"embeddable":true,"href":"https:\/\/www.manuelcdm.fr\/index.php\/wp-json\/wp\/v2\/users\/1"}],"replies":[{"embeddable":true,"href":"https:\/\/www.manuelcdm.fr\/index.php\/wp-json\/wp\/v2\/comments?post=1053"}],"version-history":[{"count":1,"href":"https:\/\/www.manuelcdm.fr\/index.php\/wp-json\/wp\/v2\/pages\/1053\/revisions"}],"predecessor-version":[{"id":1054,"href":"https:\/\/www.manuelcdm.fr\/index.php\/wp-json\/wp\/v2\/pages\/1053\/revisions\/1054"}],"wp:attachment":[{"href":"https:\/\/www.manuelcdm.fr\/index.php\/wp-json\/wp\/v2\/media?parent=1053"}],"curies":[{"name":"wp","href":"https:\/\/api.w.org\/{rel}","templated":true}]}}