{"id":1055,"date":"2025-11-30T00:25:10","date_gmt":"2025-11-30T00:25:10","guid":{"rendered":"https:\/\/www.manuelcdm.fr\/?page_id=1055"},"modified":"2025-11-30T00:25:11","modified_gmt":"2025-11-30T00:25:11","slug":"prestidigitation-universel","status":"publish","type":"page","link":"https:\/\/www.manuelcdm.fr\/index.php\/prestidigitation-universel\/","title":{"rendered":"Prestidigitation (Universel)"},"content":{"rendered":"\n<p><strong>Temps d&#8217;incantation<\/strong>\u00a0: 1 action simple<br><strong>Port\u00e9e<\/strong>\u00a0: 3 m<br><strong>Effet<\/strong>\u00a0: voir description<br><strong>Dur\u00e9e<\/strong>\u00a0: 1 heure<br><strong>Jet de sauvegarde<\/strong>\u00a0: voir description<br><strong>R\u00e9sistance \u00e0 la magie<\/strong>\u00a0: non<br>Ce terme regroupe toute une s\u00e9rie de tours de magie sans grand effet que les novices lancent pour s\u2019entra\u00eener. Une fois achev\u00e9e, l\u2019incantation permet de g\u00e9n\u00e9rer, 1 heure durant, des effets magiques tr\u00e8s simples et s\u2019accompagnant d\u2019importantes limitations. Le personnage peut par exemple, par round, soulever tr\u00e8s lentement un objet ne pesant pas plus de 500 grammes, colorier, nettoyer ou salir un objet ne faisant pas plus de 30 centim\u00e8tres de c\u00f4t\u00e9, mais aussi chauffer, refroidir ou donner du go\u00fbt \u00e0 500 grammes de mati\u00e8re inerte. Ces tours sont trop anodins pour blesser qui que ce soit, ou m\u00eame pour troubler la concentration d\u2019un autre jeteur de sorts. Ils permettent de cr\u00e9er de petits objets, mais ceux-ci ont immanquablement l\u2019air grossiers et artificiels. Les objets cr\u00e9\u00e9s par prestidigitation sont trop fragiles pour servir d\u2019armes, d\u2019outils ou de composantes mat\u00e9rielles pour d\u2019autres sorts. Enfin, ces tours mineurs ne sont pas assez puissants pour reproduire les effets des autres sorts. Tout changement d\u2019\u00e9tat qu\u2019ils apportent (mis \u00e0 part le fait de d\u00e9placer un objet, de le salir ou de le nettoyer) dure au maximum 1 heure.<br>Les personnages font souvent usage de prestidigitation pour \u00e9bahir les badauds, amuser les enfants et mettre un peu de bonheur dans l\u2019existence des gens qui en ont bien besoin. Les tours de cette famille permettent de jouer quelques notes de musique sans instrument, de rendre leur couleur \u00e0 des fleurs fan\u00e9es, de faire appara\u00eetre des sph\u00e8res luisantes flottant au-dessus de la main du personnage, de cr\u00e9er un courant d\u2019air pour souffler une bougie, d\u2019\u00e9picer un mets sans grande saveur, ou de g\u00e9n\u00e9rer de petits tourbillons chassant la poussi\u00e8re sous les tapis.<\/p>\n","protected":false},"excerpt":{"rendered":"<p>Temps d&#8217;incantation\u00a0: 1 action simplePort\u00e9e\u00a0: 3 mEffet\u00a0: voir descriptionDur\u00e9e\u00a0: 1 heureJet de sauvegarde\u00a0: voir descriptionR\u00e9sistance \u00e0 la magie\u00a0: nonCe terme regroupe toute une s\u00e9rie de tours de magie sans grand effet que les novices lancent pour s\u2019entra\u00eener. Une fois achev\u00e9e, l\u2019incantation permet de g\u00e9n\u00e9rer, 1 heure durant, des effets magiques tr\u00e8s simples et s\u2019accompagnant d\u2019importantes [&hellip;]<\/p>\n","protected":false},"author":1,"featured_media":0,"parent":0,"menu_order":0,"comment_status":"closed","ping_status":"closed","template":"","meta":{"_themeisle_gutenberg_block_has_review":false,"footnotes":""},"class_list":["post-1055","page","type-page","status-publish","hentry"],"_links":{"self":[{"href":"https:\/\/www.manuelcdm.fr\/index.php\/wp-json\/wp\/v2\/pages\/1055","targetHints":{"allow":["GET"]}}],"collection":[{"href":"https:\/\/www.manuelcdm.fr\/index.php\/wp-json\/wp\/v2\/pages"}],"about":[{"href":"https:\/\/www.manuelcdm.fr\/index.php\/wp-json\/wp\/v2\/types\/page"}],"author":[{"embeddable":true,"href":"https:\/\/www.manuelcdm.fr\/index.php\/wp-json\/wp\/v2\/users\/1"}],"replies":[{"embeddable":true,"href":"https:\/\/www.manuelcdm.fr\/index.php\/wp-json\/wp\/v2\/comments?post=1055"}],"version-history":[{"count":1,"href":"https:\/\/www.manuelcdm.fr\/index.php\/wp-json\/wp\/v2\/pages\/1055\/revisions"}],"predecessor-version":[{"id":1056,"href":"https:\/\/www.manuelcdm.fr\/index.php\/wp-json\/wp\/v2\/pages\/1055\/revisions\/1056"}],"wp:attachment":[{"href":"https:\/\/www.manuelcdm.fr\/index.php\/wp-json\/wp\/v2\/media?parent=1055"}],"curies":[{"name":"wp","href":"https:\/\/api.w.org\/{rel}","templated":true}]}}