{"id":1057,"date":"2025-11-30T00:26:06","date_gmt":"2025-11-30T00:26:06","guid":{"rendered":"https:\/\/www.manuelcdm.fr\/?page_id=1057"},"modified":"2025-11-30T00:26:06","modified_gmt":"2025-11-30T00:26:06","slug":"signature-magique-universel","status":"publish","type":"page","link":"https:\/\/www.manuelcdm.fr\/index.php\/signature-magique-universel\/","title":{"rendered":"Signature magique (Universel)"},"content":{"rendered":"\n<p><strong>Temps d&#8217;incantation<\/strong>\u00a0: 1 action simple<br><strong>Port\u00e9e<\/strong>\u00a0: 0 m<br><strong>Effet<\/strong>\u00a0: 1 rune ou marque personnelle devant tenir dans un carr\u00e9 de 30 cm de c\u00f4t\u00e9<br><strong>Dur\u00e9e<\/strong>\u00a0: permanente<br><strong>Jet de sauvegarde<\/strong>\u00a0: aucun<br><strong>R\u00e9sistance \u00e0 la magie<\/strong>\u00a0: non<br>Ce sort permet au magicien d\u2019apposer sa signature ou marque personnelle, qui ne peut comprendre plus de six caract\u00e8res distincts. Au choix, le symbole peut \u00eatre visible ou invisible. La rune s\u2019inscrit dans n\u2019importe quel mat\u00e9riau (m\u00eame la pierre ou le m\u00e9tal), sans pour autant endommager l\u2019objet sur lequel elle est plac\u00e9e. Si la marque est invisible, d\u00e9tection de la magie l\u2019entoure d\u2019une aura qui la rend visible (mais elle n\u2019en devient pas forc\u00e9ment compr\u00e9hensible pour autant). D\u00e9tection de l\u2019invisibilit\u00e9, vision lucide, une gemme de vision ou une robe de vision totale permettent \u00e9galement de rep\u00e9rer une rune invisible. Lecture de la magie r\u00e9v\u00e8le les mots contenus dans la signature, le cas \u00e9ch\u00e9ant. Rien ne permet de dissiper la rune, qui peut \u00eatre effac\u00e9e normalement par son cr\u00e9ateur ou gr\u00e2ce au sort effacement. Si on la trace sur un \u00eatre vivant, elle s\u2019att\u00e9nue peu \u00e0 peu et dispara\u00eet au bout d\u2019un mois environ.<\/p>\n","protected":false},"excerpt":{"rendered":"<p>Temps d&#8217;incantation\u00a0: 1 action simplePort\u00e9e\u00a0: 0 mEffet\u00a0: 1 rune ou marque personnelle devant tenir dans un carr\u00e9 de 30 cm de c\u00f4t\u00e9Dur\u00e9e\u00a0: permanenteJet de sauvegarde\u00a0: aucunR\u00e9sistance \u00e0 la magie\u00a0: nonCe sort permet au magicien d\u2019apposer sa signature ou marque personnelle, qui ne peut comprendre plus de six caract\u00e8res distincts. Au choix, le symbole peut \u00eatre [&hellip;]<\/p>\n","protected":false},"author":1,"featured_media":0,"parent":0,"menu_order":0,"comment_status":"closed","ping_status":"closed","template":"","meta":{"_themeisle_gutenberg_block_has_review":false,"footnotes":""},"class_list":["post-1057","page","type-page","status-publish","hentry"],"_links":{"self":[{"href":"https:\/\/www.manuelcdm.fr\/index.php\/wp-json\/wp\/v2\/pages\/1057","targetHints":{"allow":["GET"]}}],"collection":[{"href":"https:\/\/www.manuelcdm.fr\/index.php\/wp-json\/wp\/v2\/pages"}],"about":[{"href":"https:\/\/www.manuelcdm.fr\/index.php\/wp-json\/wp\/v2\/types\/page"}],"author":[{"embeddable":true,"href":"https:\/\/www.manuelcdm.fr\/index.php\/wp-json\/wp\/v2\/users\/1"}],"replies":[{"embeddable":true,"href":"https:\/\/www.manuelcdm.fr\/index.php\/wp-json\/wp\/v2\/comments?post=1057"}],"version-history":[{"count":1,"href":"https:\/\/www.manuelcdm.fr\/index.php\/wp-json\/wp\/v2\/pages\/1057\/revisions"}],"predecessor-version":[{"id":1058,"href":"https:\/\/www.manuelcdm.fr\/index.php\/wp-json\/wp\/v2\/pages\/1057\/revisions\/1058"}],"wp:attachment":[{"href":"https:\/\/www.manuelcdm.fr\/index.php\/wp-json\/wp\/v2\/media?parent=1057"}],"curies":[{"name":"wp","href":"https:\/\/api.w.org\/{rel}","templated":true}]}}