{"id":1081,"date":"2026-01-02T22:14:10","date_gmt":"2026-01-02T22:14:10","guid":{"rendered":"https:\/\/www.manuelcdm.fr\/?page_id=1081"},"modified":"2026-01-02T22:14:11","modified_gmt":"2026-01-02T22:14:11","slug":"trait-de-feu-evocation","status":"publish","type":"page","link":"https:\/\/www.manuelcdm.fr\/index.php\/trait-de-feu-evocation\/","title":{"rendered":"Trait de feu (\u00c9vocation)"},"content":{"rendered":"\n<p><strong>Temps d\u2019incantation<\/strong>\u00a0: 1 action simple<br><strong>Port\u00e9e<\/strong>\u00a0: courte (7,50 m + 1,50 m\/2 niveaux)<br><strong>Effet<\/strong>\u00a0: rayon<br><strong>Dur\u00e9e<\/strong>\u00a0: instantan\u00e9e<br><strong>Jet de sauvegarde<\/strong>\u00a0: aucun<br><strong>R\u00e9sistance \u00e0 la magie<\/strong>\u00a0: oui<br>Un trait de feu jaillit du doigt tendu du mage, qui doit r\u00e9ussir une attaque de contact \u00e0 distance pour atteindre sa cible. Le trait inflige 1d4 points de d\u00e9g\u00e2ts de froid au niveau 1, 1d6 au niveau 3, 1d8 au niveau 5, 1d10 au niveau 7 et 1d12 au niveau 9.<\/p>\n","protected":false},"excerpt":{"rendered":"<p>Temps d\u2019incantation\u00a0: 1 action simplePort\u00e9e\u00a0: courte (7,50 m + 1,50 m\/2 niveaux)Effet\u00a0: rayonDur\u00e9e\u00a0: instantan\u00e9eJet de sauvegarde\u00a0: aucunR\u00e9sistance \u00e0 la magie\u00a0: ouiUn trait de feu jaillit du doigt tendu du mage, qui doit r\u00e9ussir une attaque de contact \u00e0 distance pour atteindre sa cible. Le trait inflige 1d4 points de d\u00e9g\u00e2ts de froid au niveau 1, [&hellip;]<\/p>\n","protected":false},"author":1,"featured_media":0,"parent":0,"menu_order":0,"comment_status":"closed","ping_status":"closed","template":"","meta":{"_themeisle_gutenberg_block_has_review":false,"footnotes":""},"class_list":["post-1081","page","type-page","status-publish","hentry"],"_links":{"self":[{"href":"https:\/\/www.manuelcdm.fr\/index.php\/wp-json\/wp\/v2\/pages\/1081","targetHints":{"allow":["GET"]}}],"collection":[{"href":"https:\/\/www.manuelcdm.fr\/index.php\/wp-json\/wp\/v2\/pages"}],"about":[{"href":"https:\/\/www.manuelcdm.fr\/index.php\/wp-json\/wp\/v2\/types\/page"}],"author":[{"embeddable":true,"href":"https:\/\/www.manuelcdm.fr\/index.php\/wp-json\/wp\/v2\/users\/1"}],"replies":[{"embeddable":true,"href":"https:\/\/www.manuelcdm.fr\/index.php\/wp-json\/wp\/v2\/comments?post=1081"}],"version-history":[{"count":1,"href":"https:\/\/www.manuelcdm.fr\/index.php\/wp-json\/wp\/v2\/pages\/1081\/revisions"}],"predecessor-version":[{"id":1082,"href":"https:\/\/www.manuelcdm.fr\/index.php\/wp-json\/wp\/v2\/pages\/1081\/revisions\/1082"}],"wp:attachment":[{"href":"https:\/\/www.manuelcdm.fr\/index.php\/wp-json\/wp\/v2\/media?parent=1081"}],"curies":[{"name":"wp","href":"https:\/\/api.w.org\/{rel}","templated":true}]}}