{"id":215,"date":"2025-07-30T02:19:54","date_gmt":"2025-07-30T02:19:54","guid":{"rendered":"https:\/\/www.manuelcdm.fr\/?page_id=215"},"modified":"2025-10-26T18:17:00","modified_gmt":"2025-10-26T18:17:00","slug":"manuel-des-joueurs","status":"publish","type":"page","link":"https:\/\/www.manuelcdm.fr\/","title":{"rendered":""},"content":{"rendered":"\t\t<div data-elementor-type=\"wp-page\" data-elementor-id=\"215\" class=\"elementor elementor-215\">\n\t\t\t\t<div class=\"elementor-element elementor-element-b752d70 e-grid e-con-boxed e-con e-parent\" data-id=\"b752d70\" data-element_type=\"container\">\n\t\t\t\t\t<div class=\"e-con-inner\">\n\t\t\t\t<div class=\"elementor-element elementor-element-9e2e292 elementor-widget elementor-widget-heading\" data-id=\"9e2e292\" data-element_type=\"widget\" data-widget_type=\"heading.default\">\n\t\t\t\t\t<h2 class=\"elementor-heading-title elementor-size-default\"><b>Manuel des Joueurs<\/b><\/h2>\t\t\t\t<\/div>\n\t\t\t\t<div class=\"elementor-element elementor-element-8b6f0de elementor-widget elementor-widget-text-editor\" data-id=\"8b6f0de\" data-element_type=\"widget\" data-widget_type=\"text-editor.default\">\n\t\t\t\t\t\t\t\t\t<p>\u00c9dition 3.L\u00e9o<\/p>\t\t\t\t\t\t\t\t<\/div>\n\t\t\t\t\t<\/div>\n\t\t\t\t<\/div>\n\t\t<div class=\"elementor-element elementor-element-4a3c4a51 e-con-full e-flex e-con e-parent\" data-id=\"4a3c4a51\" data-element_type=\"container\" id=\"next\" data-settings=\"{&quot;background_background&quot;:&quot;classic&quot;}\">\n\t\t<div class=\"elementor-element elementor-element-469f8fa9 e-con-full e-flex e-con e-child\" data-id=\"469f8fa9\" data-element_type=\"container\">\n\t\t<div class=\"elementor-element elementor-element-678fc34 e-con-full e-flex e-con e-child\" data-id=\"678fc34\" data-element_type=\"container\">\n\t\t\t\t<div class=\"elementor-element elementor-element-7fe02ffe elementor-position-top elementor-widget elementor-widget-image-box\" data-id=\"7fe02ffe\" data-element_type=\"widget\" data-widget_type=\"image-box.default\">\n\t\t\t\t\t<div class=\"elementor-image-box-wrapper\"><figure class=\"elementor-image-box-img\"><a href=\"https:\/\/www.manuelcdm.fr\/index.php\/races\/\" tabindex=\"-1\"><img fetchpriority=\"high\" decoding=\"async\" width=\"1024\" height=\"1024\" src=\"https:\/\/www.manuelcdm.fr\/wp-content\/uploads\/2025\/07\/classe-1.jpg\" class=\"elementor-animation-grow attachment-full size-full wp-image-161\" alt=\"\" srcset=\"https:\/\/www.manuelcdm.fr\/wp-content\/uploads\/2025\/07\/classe-1.jpg 1024w, https:\/\/www.manuelcdm.fr\/wp-content\/uploads\/2025\/07\/classe-1-100x100.jpg 100w, https:\/\/www.manuelcdm.fr\/wp-content\/uploads\/2025\/07\/classe-1-600x600.jpg 600w, https:\/\/www.manuelcdm.fr\/wp-content\/uploads\/2025\/07\/classe-1-300x300.jpg 300w, https:\/\/www.manuelcdm.fr\/wp-content\/uploads\/2025\/07\/classe-1-150x150.jpg 150w, https:\/\/www.manuelcdm.fr\/wp-content\/uploads\/2025\/07\/classe-1-768x768.jpg 768w\" sizes=\"(max-width: 1024px) 100vw, 1024px\" \/><\/a><\/figure><div class=\"elementor-image-box-content\"><h4 class=\"elementor-image-box-title\"><a href=\"https:\/\/www.manuelcdm.fr\/index.php\/races\/\">Les Races<\/a><\/h4><\/div><\/div>\t\t\t\t<\/div>\n\t\t\t\t<\/div>\n\t\t<div class=\"elementor-element elementor-element-3553344c e-con-full e-flex e-con e-child\" data-id=\"3553344c\" data-element_type=\"container\">\n\t\t\t\t<div class=\"elementor-element elementor-element-5519be6c elementor-position-top elementor-widget elementor-widget-image-box\" data-id=\"5519be6c\" data-element_type=\"widget\" data-widget_type=\"image-box.default\">\n\t\t\t\t\t<div class=\"elementor-image-box-wrapper\"><figure class=\"elementor-image-box-img\"><a href=\"https:\/\/www.manuelcdm.fr\/index.php\/classes\/\" tabindex=\"-1\"><img decoding=\"async\" width=\"1200\" height=\"1200\" src=\"https:\/\/www.manuelcdm.fr\/wp-content\/uploads\/2025\/07\/races-1.jpg\" class=\"elementor-animation-grow attachment-full size-full wp-image-170\" alt=\"\" srcset=\"https:\/\/www.manuelcdm.fr\/wp-content\/uploads\/2025\/07\/races-1.jpg 1200w, https:\/\/www.manuelcdm.fr\/wp-content\/uploads\/2025\/07\/races-1-100x100.jpg 100w, https:\/\/www.manuelcdm.fr\/wp-content\/uploads\/2025\/07\/races-1-600x600.jpg 600w, https:\/\/www.manuelcdm.fr\/wp-content\/uploads\/2025\/07\/races-1-300x300.jpg 300w, https:\/\/www.manuelcdm.fr\/wp-content\/uploads\/2025\/07\/races-1-1024x1024.jpg 1024w, https:\/\/www.manuelcdm.fr\/wp-content\/uploads\/2025\/07\/races-1-150x150.jpg 150w, https:\/\/www.manuelcdm.fr\/wp-content\/uploads\/2025\/07\/races-1-768x768.jpg 768w\" sizes=\"(max-width: 1200px) 100vw, 1200px\" \/><\/a><\/figure><div class=\"elementor-image-box-content\"><h4 class=\"elementor-image-box-title\"><a href=\"https:\/\/www.manuelcdm.fr\/index.php\/classes\/\">Les Classes<\/a><\/h4><\/div><\/div>\t\t\t\t<\/div>\n\t\t\t\t<div class=\"elementor-element elementor-element-6e31465 elementor-position-top elementor-widget elementor-widget-image-box\" data-id=\"6e31465\" data-element_type=\"widget\" data-widget_type=\"image-box.default\">\n\t\t\t\t\t<div class=\"elementor-image-box-wrapper\"><figure class=\"elementor-image-box-img\"><a href=\"https:\/\/www.manuelcdm.fr\/index.php\/competences\/\" tabindex=\"-1\"><img decoding=\"async\" width=\"1200\" height=\"1200\" src=\"https:\/\/www.manuelcdm.fr\/wp-content\/uploads\/2025\/07\/compe-2.jpg\" class=\"elementor-animation-grow attachment-full size-full wp-image-116\" alt=\"\" srcset=\"https:\/\/www.manuelcdm.fr\/wp-content\/uploads\/2025\/07\/compe-2.jpg 1200w, https:\/\/www.manuelcdm.fr\/wp-content\/uploads\/2025\/07\/compe-2-100x100.jpg 100w, https:\/\/www.manuelcdm.fr\/wp-content\/uploads\/2025\/07\/compe-2-600x600.jpg 600w\" sizes=\"(max-width: 1200px) 100vw, 1200px\" \/><\/a><\/figure><div class=\"elementor-image-box-content\"><h4 class=\"elementor-image-box-title\"><a href=\"https:\/\/www.manuelcdm.fr\/index.php\/competences\/\">Les Comp\u00e9tences<\/a><\/h4><\/div><\/div>\t\t\t\t<\/div>\n\t\t\t\t<\/div>\n\t\t<div class=\"elementor-element elementor-element-6fa6fc92 e-con-full e-flex e-con e-child\" data-id=\"6fa6fc92\" data-element_type=\"container\">\n\t\t\t\t<div class=\"elementor-element elementor-element-402f2f2f elementor-position-top elementor-widget elementor-widget-image-box\" data-id=\"402f2f2f\" data-element_type=\"widget\" data-widget_type=\"image-box.default\">\n\t\t\t\t\t<div class=\"elementor-image-box-wrapper\"><figure class=\"elementor-image-box-img\"><a href=\"https:\/\/www.manuelcdm.fr\/index.php\/la-magie\/\" tabindex=\"-1\"><img loading=\"lazy\" decoding=\"async\" width=\"1200\" height=\"1200\" src=\"https:\/\/www.manuelcdm.fr\/wp-content\/uploads\/2025\/07\/magie.jpg\" class=\"elementor-animation-grow attachment-full size-full wp-image-117\" alt=\"\" srcset=\"https:\/\/www.manuelcdm.fr\/wp-content\/uploads\/2025\/07\/magie.jpg 1200w, https:\/\/www.manuelcdm.fr\/wp-content\/uploads\/2025\/07\/magie-100x100.jpg 100w, https:\/\/www.manuelcdm.fr\/wp-content\/uploads\/2025\/07\/magie-600x600.jpg 600w, https:\/\/www.manuelcdm.fr\/wp-content\/uploads\/2025\/07\/magie-300x300.jpg 300w, https:\/\/www.manuelcdm.fr\/wp-content\/uploads\/2025\/07\/magie-1024x1024.jpg 1024w, https:\/\/www.manuelcdm.fr\/wp-content\/uploads\/2025\/07\/magie-150x150.jpg 150w, https:\/\/www.manuelcdm.fr\/wp-content\/uploads\/2025\/07\/magie-768x768.jpg 768w\" sizes=\"(max-width: 1200px) 100vw, 1200px\" \/><\/a><\/figure><div class=\"elementor-image-box-content\"><h4 class=\"elementor-image-box-title\"><a href=\"https:\/\/www.manuelcdm.fr\/index.php\/la-magie\/\">La Magie<\/a><\/h4><\/div><\/div>\t\t\t\t<\/div>\n\t\t\t\t<div class=\"elementor-element elementor-element-6b44e03 elementor-position-top elementor-widget elementor-widget-image-box\" data-id=\"6b44e03\" data-element_type=\"widget\" data-widget_type=\"image-box.default\">\n\t\t\t\t\t<div class=\"elementor-image-box-wrapper\"><figure class=\"elementor-image-box-img\"><a href=\"https:\/\/www.manuelcdm.fr\/index.php\/regles-descriptifs\/\" tabindex=\"-1\"><img loading=\"lazy\" decoding=\"async\" width=\"1200\" height=\"1200\" src=\"https:\/\/www.manuelcdm.fr\/wp-content\/uploads\/2025\/07\/regles-1.jpg\" class=\"elementor-animation-grow attachment-full size-full wp-image-125\" alt=\"\" srcset=\"https:\/\/www.manuelcdm.fr\/wp-content\/uploads\/2025\/07\/regles-1.jpg 1200w, https:\/\/www.manuelcdm.fr\/wp-content\/uploads\/2025\/07\/regles-1-100x100.jpg 100w, https:\/\/www.manuelcdm.fr\/wp-content\/uploads\/2025\/07\/regles-1-600x600.jpg 600w, https:\/\/www.manuelcdm.fr\/wp-content\/uploads\/2025\/07\/regles-1-300x300.jpg 300w, https:\/\/www.manuelcdm.fr\/wp-content\/uploads\/2025\/07\/regles-1-1024x1024.jpg 1024w, https:\/\/www.manuelcdm.fr\/wp-content\/uploads\/2025\/07\/regles-1-150x150.jpg 150w, https:\/\/www.manuelcdm.fr\/wp-content\/uploads\/2025\/07\/regles-1-768x768.jpg 768w\" sizes=\"(max-width: 1200px) 100vw, 1200px\" \/><\/a><\/figure><div class=\"elementor-image-box-content\"><h4 class=\"elementor-image-box-title\"><a href=\"https:\/\/www.manuelcdm.fr\/index.php\/regles-descriptifs\/\">Les R\u00e8gles &amp; Descriptifs<\/a><\/h4><\/div><\/div>\t\t\t\t<\/div>\n\t\t\t\t<\/div>\n\t\t<div class=\"elementor-element elementor-element-3494c35b e-con-full e-flex e-con e-child\" data-id=\"3494c35b\" data-element_type=\"container\">\n\t\t\t\t<div class=\"elementor-element elementor-element-e6e6a2f elementor-position-top elementor-widget elementor-widget-image-box\" data-id=\"e6e6a2f\" data-element_type=\"widget\" data-widget_type=\"image-box.default\">\n\t\t\t\t\t<div class=\"elementor-image-box-wrapper\"><figure class=\"elementor-image-box-img\"><a href=\"https:\/\/www.manuelcdm.fr\/index.php\/les-dons\/\" tabindex=\"-1\"><img loading=\"lazy\" decoding=\"async\" width=\"736\" height=\"736\" src=\"https:\/\/www.manuelcdm.fr\/wp-content\/uploads\/2025\/07\/dons.jpg\" class=\"elementor-animation-grow attachment-full size-full wp-image-120\" alt=\"\" srcset=\"https:\/\/www.manuelcdm.fr\/wp-content\/uploads\/2025\/07\/dons.jpg 736w, https:\/\/www.manuelcdm.fr\/wp-content\/uploads\/2025\/07\/dons-100x100.jpg 100w, https:\/\/www.manuelcdm.fr\/wp-content\/uploads\/2025\/07\/dons-600x600.jpg 600w, https:\/\/www.manuelcdm.fr\/wp-content\/uploads\/2025\/07\/dons-300x300.jpg 300w, https:\/\/www.manuelcdm.fr\/wp-content\/uploads\/2025\/07\/dons-150x150.jpg 150w\" sizes=\"(max-width: 736px) 100vw, 736px\" \/><\/a><\/figure><div class=\"elementor-image-box-content\"><h4 class=\"elementor-image-box-title\"><a href=\"https:\/\/www.manuelcdm.fr\/index.php\/les-dons\/\">Les Dons<\/a><\/h4><\/div><\/div>\t\t\t\t<\/div>\n\t\t\t\t<\/div>\n\t\t\t\t<\/div>\n\t\t\t\t<\/div>\n\t\t\t\t<\/div>\n\t\t","protected":false},"excerpt":{"rendered":"<p>Manuel des Joueurs \u00c9dition 3.L\u00e9o Les Races Les Classes Les Comp\u00e9tences La Magie Les R\u00e8gles &amp; Descriptifs Les Dons<\/p>\n","protected":false},"author":1,"featured_media":0,"parent":0,"menu_order":0,"comment_status":"closed","ping_status":"closed","template":"","meta":{"_themeisle_gutenberg_block_has_review":false,"footnotes":""},"class_list":["post-215","page","type-page","status-publish","hentry"],"_links":{"self":[{"href":"https:\/\/www.manuelcdm.fr\/index.php\/wp-json\/wp\/v2\/pages\/215","targetHints":{"allow":["GET"]}}],"collection":[{"href":"https:\/\/www.manuelcdm.fr\/index.php\/wp-json\/wp\/v2\/pages"}],"about":[{"href":"https:\/\/www.manuelcdm.fr\/index.php\/wp-json\/wp\/v2\/types\/page"}],"author":[{"embeddable":true,"href":"https:\/\/www.manuelcdm.fr\/index.php\/wp-json\/wp\/v2\/users\/1"}],"replies":[{"embeddable":true,"href":"https:\/\/www.manuelcdm.fr\/index.php\/wp-json\/wp\/v2\/comments?post=215"}],"version-history":[{"count":91,"href":"https:\/\/www.manuelcdm.fr\/index.php\/wp-json\/wp\/v2\/pages\/215\/revisions"}],"predecessor-version":[{"id":969,"href":"https:\/\/www.manuelcdm.fr\/index.php\/wp-json\/wp\/v2\/pages\/215\/revisions\/969"}],"wp:attachment":[{"href":"https:\/\/www.manuelcdm.fr\/index.php\/wp-json\/wp\/v2\/media?parent=215"}],"curies":[{"name":"wp","href":"https:\/\/api.w.org\/{rel}","templated":true}]}}