{"id":414,"date":"2025-07-30T16:42:36","date_gmt":"2025-07-30T16:42:36","guid":{"rendered":"https:\/\/www.manuelcdm.fr\/?page_id=414"},"modified":"2025-07-30T16:43:57","modified_gmt":"2025-07-30T16:43:57","slug":"les-hobbits","status":"publish","type":"page","link":"https:\/\/www.manuelcdm.fr\/index.php\/les-hobbits\/","title":{"rendered":"Les Hobbits"},"content":{"rendered":"\t\t<div data-elementor-type=\"wp-page\" data-elementor-id=\"414\" class=\"elementor elementor-414\">\n\t\t\t\t<div class=\"elementor-element elementor-element-1f32187 e-flex e-con-boxed e-con e-parent\" data-id=\"1f32187\" data-element_type=\"container\">\n\t\t\t\t\t<div class=\"e-con-inner\">\n\t\t\t\t<div class=\"elementor-element elementor-element-79bbf50 elementor-widget elementor-widget-text-editor\" data-id=\"79bbf50\" data-element_type=\"widget\" data-widget_type=\"text-editor.default\">\n\t\t\t\t\t\t\t\t\t<p align=\"LEFT\"><span style=\"font-family: Segoe Script, cursive;\"><b style=\"\">&nbsp; &nbsp; &nbsp; &nbsp; &nbsp; &nbsp; &nbsp; &nbsp; &nbsp; &nbsp; &nbsp; &nbsp; &nbsp; &nbsp; &nbsp; &nbsp; &nbsp; &nbsp; &nbsp; &nbsp; &nbsp; &nbsp; &nbsp; &nbsp; &nbsp; &nbsp; &nbsp; &nbsp; &nbsp; &nbsp; &nbsp; &nbsp; &nbsp; &nbsp; &nbsp; &nbsp; &nbsp; &nbsp; &nbsp;<u>Hobbit Pied-L\u00e9ger<\/u><\/b><\/span><\/p><p align=\"LEFT\"><span style=\"font-family: Segoe Script, cursive;\"><u><b><br><\/b><\/u><\/span><\/p>\n<dl>\n<dd>\n<table border=\"1\" width=\"100%\" cellspacing=\"0\" cellpadding=\"4\">\n<tbody>\n<tr valign=\"TOP\">\n<td colspan=\"2\" width=\"46%\">\n<p align=\"CENTER\"><span style=\"font-family: Times New Roman, serif;\"><span style=\"font-size: small;\">Humano\u00efde [Hobbit]<\/span><\/span><\/p>\n<\/td>\n<td width=\"54%\">\n<p align=\"CENTER\"><span style=\"font-family: Times New Roman, serif;\"><span style=\"font-size: small;\">Taille P<\/span><\/span><\/p>\n<\/td>\n<\/tr>\n<tr valign=\"TOP\">\n<td width=\"24%\">\n<p align=\"CENTER\"><span style=\"font-family: Times New Roman, serif;\"><span style=\"font-size: small;\">Caract\u00e9ristique<\/span><\/span><\/p>\n<\/td>\n<td colspan=\"2\" width=\"76%\">\n<p align=\"CENTER\"><span style=\"font-family: Times New Roman, serif;\"><span style=\"font-size: small;\">+2 Dext\u00e9rit\u00e9 | -2 Force<\/span><\/span><\/p>\n<\/td>\n<\/tr>\n<tr valign=\"TOP\">\n<td width=\"24%\">\n<p align=\"CENTER\"><span style=\"font-family: Times New Roman, serif;\"><span style=\"font-size: small;\">Traits raciaux<\/span><\/span><\/p>\n<\/td>\n<td colspan=\"2\" width=\"76%\">\n<p align=\"CENTER\"><span style=\"font-family: Times New Roman, serif;\"><span style=\"font-size: small;\">+2 aux jets de discr\u00e9tion, escalade, saut, perception et terreur<\/span><\/span><\/p>\n<p align=\"CENTER\"><span style=\"font-family: Times New Roman, serif;\"><span style=\"font-size: small;\">+1 \u00e0 tout les jets de sauvegarde<\/span><\/span><\/p>\n<p align=\"CENTER\"><span style=\"font-family: Times New Roman, serif;\"><span style=\"font-size: small;\">Chanceux*<\/span><\/span><\/p>\n<\/td>\n<\/tr>\n<tr valign=\"TOP\">\n<td width=\"24%\">\n<p align=\"CENTER\"><span style=\"font-family: Times New Roman, serif;\"><span style=\"font-size: small;\">Maniement des armes<\/span><\/span><\/p>\n<\/td>\n<td colspan=\"2\" width=\"76%\">\n<p align=\"CENTER\"><span style=\"font-family: Times New Roman, serif;\"><span style=\"font-size: small;\">Armes courantes<\/span><\/span><\/p>\n<\/td>\n<\/tr>\n<tr valign=\"TOP\">\n<td width=\"24%\">\n<p align=\"CENTER\"><span style=\"font-family: Times New Roman, serif;\"><span style=\"font-size: small;\">Vitesse de d\u00e9placement<\/span><\/span><\/p>\n<\/td>\n<td colspan=\"2\" width=\"76%\">\n<p align=\"CENTER\"><span style=\"font-family: Times New Roman, serif;\"><span style=\"font-size: small;\">6 m\u00e8tres<\/span><\/span><\/p>\n<\/td>\n<\/tr>\n<tr valign=\"TOP\">\n<td width=\"24%\">\n<p align=\"CENTER\"><span style=\"font-family: Times New Roman, serif;\"><span style=\"font-size: small;\">Langues<\/span><\/span><\/p>\n<\/td>\n<td colspan=\"2\" width=\"76%\">\n<p align=\"CENTER\"><span style=\"font-family: Times New Roman, serif;\"><span style=\"font-size: small;\">Commun, Hobbit + Selon la r\u00e9gion<\/span><\/span><\/p>\n<\/td>\n<\/tr>\n<tr valign=\"TOP\">\n<td width=\"24%\">\n<p align=\"CENTER\"><span style=\"font-family: Times New Roman, serif;\"><span style=\"font-size: small;\">Classe de pr\u00e9dilection<\/span><\/span><\/p>\n<\/td>\n<td colspan=\"2\" width=\"76%\">\n<p align=\"CENTER\"><span style=\"font-family: Times New Roman, serif;\"><span style=\"font-size: small;\">Roublard<\/span><\/span><\/p>\n<\/td>\n<\/tr>\n<tr valign=\"TOP\">\n<td width=\"24%\">\n<p align=\"CENTER\"><span style=\"font-family: Times New Roman, serif;\"><span style=\"font-size: small;\">Classe Interdite<\/span><\/span><\/p>\n<\/td>\n<td colspan=\"2\" width=\"76%\">\n<p align=\"CENTER\"><span style=\"font-family: Times New Roman, serif;\"><span style=\"font-size: small;\">Barbare<\/span><\/span><\/p>\n<\/td>\n<\/tr>\n<tr valign=\"TOP\">\n<td width=\"24%\">\n<p align=\"CENTER\"><span style=\"font-family: Times New Roman, serif;\"><span style=\"font-size: small;\">Ajustement de Niveau<\/span><\/span><\/p>\n<\/td>\n<td colspan=\"2\" width=\"76%\">\n<p align=\"CENTER\"><span style=\"font-family: Times New Roman, serif;\"><span style=\"font-size: small;\">+0<\/span><\/span><\/p>\n<\/td>\n<\/tr>\n<\/tbody>\n<\/table>\n<\/dd>\n<\/dl>\n<p align=\"LEFT\"><span style=\"color: #000000;\"><span style=\"font-family: Times New Roman, serif;\"><span style=\"font-size: small;\">*Chanceux : Un hobbit pied-l\u00e9ger peut relancer un d\u00e9 une fois jour.<\/span><\/span><\/span><\/p>\n<dl>\n<dd>\n<table border=\"1\" width=\"100%\" cellspacing=\"0\" cellpadding=\"4\">\n<tbody>\n<tr valign=\"TOP\">\n<td width=\"14%\">\n<p align=\"CENTER\"><span style=\"font-family: Times New Roman, serif;\"><span style=\"font-size: small;\">Pied-L\u00e9ger<\/span><\/span><\/p>\n<\/td>\n<td width=\"14%\">\n<p align=\"CENTER\"><span style=\"font-family: Times New Roman, serif;\"><span style=\"font-size: small;\">Taille de Base<\/span><\/span><\/p>\n<\/td>\n<td width=\"14%\">\n<p align=\"CENTER\"><span style=\"font-family: Times New Roman, serif;\"><span style=\"font-size: small;\">Modificateur<\/span><\/span><\/p>\n<\/td>\n<td width=\"14%\">\n<p align=\"CENTER\"><span style=\"font-family: Times New Roman, serif;\"><span style=\"font-size: small;\">Taille Moyenne<\/span><\/span><\/p>\n<\/td>\n<td width=\"14%\">\n<p align=\"CENTER\"><span style=\"font-family: Times New Roman, serif;\"><span style=\"font-size: small;\">Poids de Base<\/span><\/span><\/p>\n<\/td>\n<td width=\"14%\">\n<p align=\"CENTER\"><span style=\"font-family: Times New Roman, serif;\"><span style=\"font-size: small;\">Modificateur<\/span><\/span><\/p>\n<\/td>\n<td width=\"14%\">\n<p align=\"CENTER\"><span style=\"font-family: Times New Roman, serif;\"><span style=\"font-size: small;\">Poids Moyen<\/span><\/span><\/p>\n<\/td>\n<\/tr>\n<tr valign=\"TOP\">\n<td width=\"14%\">\n<p align=\"CENTER\"><span style=\"font-family: Times New Roman, serif;\"><span style=\"font-size: small;\">M\u00e2le<\/span><\/span><\/p>\n<\/td>\n<td width=\"14%\">\n<p align=\"CENTER\"><span style=\"font-family: Times New Roman, serif;\"><span style=\"font-size: small;\">0,8 m<\/span><\/span><\/p>\n<\/td>\n<td width=\"14%\">\n<p align=\"CENTER\"><span style=\"font-family: Times New Roman, serif;\"><span style=\"font-size: small;\">+5d4 cm<\/span><\/span><\/p>\n<\/td>\n<td width=\"14%\">\n<p align=\"CENTER\"><span style=\"font-family: Times New Roman, serif;\"><span style=\"font-size: small;\">0,93 m<\/span><\/span><\/p>\n<\/td>\n<td width=\"14%\">\n<p align=\"CENTER\"><span style=\"font-family: Times New Roman, serif;\"><span style=\"font-size: small;\">15 kg<\/span><\/span><\/p>\n<\/td>\n<td width=\"14%\">\n<p align=\"CENTER\"><span style=\"font-family: Times New Roman, serif;\"><span style=\"font-size: small;\">x(1d6)\/5<\/span><\/span><\/p>\n<\/td>\n<td width=\"14%\">\n<p align=\"CENTER\"><span style=\"font-family: Times New Roman, serif;\"><span style=\"font-size: small;\">18 kg<\/span><\/span><\/p>\n<\/td>\n<\/tr>\n<tr valign=\"TOP\">\n<td width=\"14%\">\n<p align=\"CENTER\"><span style=\"font-family: Times New Roman, serif;\"><span style=\"font-size: small;\">Femelle<\/span><\/span><\/p>\n<\/td>\n<td width=\"14%\">\n<p align=\"CENTER\"><span style=\"font-family: Times New Roman, serif;\"><span style=\"font-size: small;\">0,75 m<\/span><\/span><\/p>\n<\/td>\n<td width=\"14%\">\n<p align=\"CENTER\"><span style=\"font-family: Times New Roman, serif;\"><span style=\"font-size: small;\">+5d4 cm<\/span><\/span><\/p>\n<\/td>\n<td width=\"14%\">\n<p align=\"CENTER\"><span style=\"font-family: Times New Roman, serif;\"><span style=\"font-size: small;\">0,88 m<\/span><\/span><\/p>\n<\/td>\n<td width=\"14%\">\n<p align=\"CENTER\"><span style=\"font-family: Times New Roman, serif;\"><span style=\"font-size: small;\">12 kg<\/span><\/span><\/p>\n<\/td>\n<td width=\"14%\">\n<p align=\"CENTER\"><span style=\"font-family: Times New Roman, serif;\"><span style=\"font-size: small;\">x(1d6)\/5<\/span><\/span><\/p>\n<\/td>\n<td width=\"14%\">\n<p align=\"CENTER\"><span style=\"font-family: Times New Roman, serif;\"><span style=\"font-size: small;\">15 kg<\/span><\/span><\/p>\n<\/td>\n<\/tr>\n<\/tbody>\n<\/table>\n<\/dd>\n<\/dl>\n<dl>\n<dd>\n<table border=\"1\" width=\"100%\" cellspacing=\"0\" cellpadding=\"4\">\n<tbody>\n<tr valign=\"TOP\">\n<td width=\"17%\">\n<p align=\"CENTER\"><span style=\"font-family: Times New Roman, serif;\"><span style=\"font-size: small;\">\u00c2ge<\/span><\/span><\/p>\n<\/td>\n<td width=\"17%\">\n<p align=\"CENTER\"><span style=\"font-family: Times New Roman, serif;\"><span style=\"font-size: small;\">\u00c2ge Adulte<\/span><\/span><\/p>\n<\/td>\n<td width=\"17%\">\n<p align=\"CENTER\"><span style=\"font-family: Times New Roman, serif;\"><span style=\"font-size: small;\">\u00c2ge Mur<\/span><\/span><\/p>\n<\/td>\n<td width=\"17%\">\n<p align=\"CENTER\"><span style=\"font-family: Times New Roman, serif;\"><span style=\"font-size: small;\">Grand \u00c2ge<\/span><\/span><\/p>\n<\/td>\n<td width=\"17%\">\n<p align=\"CENTER\"><span style=\"font-family: Times New Roman, serif;\"><span style=\"font-size: small;\">\u00c2ge V\u00e9n\u00e9rable<\/span><\/span><\/p>\n<\/td>\n<td width=\"17%\">\n<p align=\"CENTER\"><span style=\"font-family: Times New Roman, serif;\"><span style=\"font-size: small;\">\u00c2ge Max<\/span><\/span><\/p>\n<\/td>\n<\/tr>\n<tr valign=\"TOP\">\n<td width=\"17%\">\n<p align=\"CENTER\"><span style=\"font-family: Times New Roman, serif;\"><span style=\"font-size: small;\">Pied-L\u00e9ger<\/span><\/span><\/p>\n<\/td>\n<td width=\"17%\">\n<p align=\"CENTER\"><span style=\"font-family: Times New Roman, serif;\"><span style=\"font-size: small;\">20 ans<\/span><\/span><\/p>\n<\/td>\n<td width=\"17%\">\n<p align=\"CENTER\"><span style=\"font-family: Times New Roman, serif;\"><span style=\"font-size: small;\">50 ans<\/span><\/span><\/p>\n<\/td>\n<td width=\"17%\">\n<p align=\"CENTER\"><span style=\"font-family: Times New Roman, serif;\"><span style=\"font-size: small;\">75 ans<\/span><\/span><\/p>\n<\/td>\n<td width=\"17%\">\n<p align=\"CENTER\"><span style=\"font-family: Times New Roman, serif;\"><span style=\"font-size: small;\">100 ans<\/span><\/span><\/p>\n<\/td>\n<td width=\"17%\">\n<p align=\"CENTER\"><span style=\"font-family: Times New Roman, serif;\"><span style=\"font-size: small;\">+5d20 ans<\/span><\/span><\/p>\n<\/td>\n<\/tr>\n<\/tbody>\n<\/table>\n<\/dd>\n<\/dl>\n<p align=\"CENTER\"><span style=\"color: #000000;\"><span style=\"font-family: Times New Roman, serif;\"><span style=\"font-size: small;\">Les hobbits pied-l\u00e9ger sont des voyageurs opportunistes, rus\u00e9s et curieux, qui saisissent toute occasion qui se pr\u00e9sente. Leur mode de vie nomade les pousse \u00e0 s&#8217;installer l\u00e0 o\u00f9 les ressources abondent, comme pr\u00e8s des mines. Bien qu&#8217;ils soient per\u00e7us comme des \u00e9trangers, ils s&#8217;int\u00e8grent facilement dans diff\u00e9rentes soci\u00e9t\u00e9s et forment des communaut\u00e9s soud\u00e9es. Ils sont des collectionneurs passionn\u00e9s et pr\u00e9f\u00e8rent la richesse pour les plaisirs qu&#8217;elle procure.<\/span><\/span><\/span><\/p>\n<p align=\"CENTER\"><span style=\"font-size: small;\">Petits, sociables et adaptables, les hobbits pied-l\u00e9gers suivent principalement la d\u00e9esse Yondalla, v\u00e9n\u00e9rant aussi de nombreux dieux mineurs. Leur langue orale est riche, mais leur tradition litt\u00e9raire est moins d\u00e9velopp\u00e9e. Les hobbits pied-l\u00e9ger qui deviennent aventuriers le font souvent pour profiter d&#8217;opportunit\u00e9s, et bien qu&#8217;ils soient parfois consid\u00e9r\u00e9s comme des opportunistes, ils restent loyaux et dignes de confiance une fois engag\u00e9s.<\/span><\/p><p align=\"CENTER\"><span style=\"font-size: small;\"><br><\/span><\/p>\n<p align=\"CENTER\"><u style=\"font-family: &quot;Segoe Script&quot;, cursive; text-align: start; font-size: 1rem;\"><b>Hobbit Vaillant<\/b><\/u><\/p><p align=\"CENTER\"><u style=\"font-family: &quot;Segoe Script&quot;, cursive; text-align: start; font-size: 1rem;\"><b><br><\/b><\/u><\/p>\n<dl>\n<dd>\n<table border=\"1\" width=\"100%\" cellspacing=\"0\" cellpadding=\"4\">\n<tbody>\n<tr valign=\"TOP\">\n<td colspan=\"2\" width=\"46%\">\n<p align=\"CENTER\"><span style=\"font-family: Times New Roman, serif;\"><span style=\"font-size: small;\">Humano\u00efde [Hobbit]<\/span><\/span><\/p>\n<\/td>\n<td width=\"54%\">\n<p align=\"CENTER\"><span style=\"font-family: Times New Roman, serif;\"><span style=\"font-size: small;\">Taille P<\/span><\/span><\/p>\n<\/td>\n<\/tr>\n<tr valign=\"TOP\">\n<td width=\"24%\">\n<p align=\"CENTER\"><span style=\"font-family: Times New Roman, serif;\"><span style=\"font-size: small;\">Caract\u00e9ristique<\/span><\/span><\/p>\n<\/td>\n<td colspan=\"2\" width=\"76%\">\n<p align=\"CENTER\"><span style=\"font-family: Times New Roman, serif;\"><span style=\"font-size: small;\">+2 Dext\u00e9rit\u00e9 | -2 Force<\/span><\/span><\/p>\n<\/td>\n<\/tr>\n<tr valign=\"TOP\">\n<td width=\"24%\">\n<p align=\"CENTER\"><span style=\"font-family: Times New Roman, serif;\"><span style=\"font-size: small;\">Traits raciaux<\/span><\/span><\/p>\n<\/td>\n<td colspan=\"2\" width=\"76%\">\n<p align=\"CENTER\"><span style=\"font-family: Times New Roman, serif;\"><span style=\"font-size: small;\">+2 aux jets de discr\u00e9tion, escalade, saut, perception et terreur<\/span><\/span><\/p>\n<p align=\"CENTER\"><span style=\"font-family: Times New Roman, serif;\"><span style=\"font-size: small;\">1 don suppl\u00e9mentaire au niveau 1<\/span><\/span><\/p>\n<p align=\"CENTER\"><span style=\"font-family: Times New Roman, serif;\"><span style=\"font-size: small;\">+1 aux jets d&#8217;attaque avec les armes de jet et la fronde<\/span><\/span><\/p>\n<\/td>\n<\/tr>\n<tr valign=\"TOP\">\n<td width=\"24%\">\n<p align=\"CENTER\"><span style=\"font-family: Times New Roman, serif;\"><span style=\"font-size: small;\">Maniement des armes<\/span><\/span><\/p>\n<\/td>\n<td colspan=\"2\" width=\"76%\">\n<p align=\"CENTER\"><span style=\"font-family: Times New Roman, serif;\"><span style=\"font-size: small;\">Armes courantes<\/span><\/span><\/p>\n<\/td>\n<\/tr>\n<tr valign=\"TOP\">\n<td width=\"24%\">\n<p align=\"CENTER\"><span style=\"font-family: Times New Roman, serif;\"><span style=\"font-size: small;\">Vitesse de d\u00e9placement<\/span><\/span><\/p>\n<\/td>\n<td colspan=\"2\" width=\"76%\">\n<p align=\"CENTER\"><span style=\"font-family: Times New Roman, serif;\"><span style=\"font-size: small;\">6 m\u00e8tres<\/span><\/span><\/p>\n<\/td>\n<\/tr>\n<tr valign=\"TOP\">\n<td width=\"24%\">\n<p align=\"CENTER\"><span style=\"font-family: Times New Roman, serif;\"><span style=\"font-size: small;\">Langues<\/span><\/span><\/p>\n<\/td>\n<td colspan=\"2\" width=\"76%\">\n<p align=\"CENTER\"><span style=\"font-family: Times New Roman, serif;\"><span style=\"font-size: small;\">Commun, Hobbit + Selon la r\u00e9gion<\/span><\/span><\/p>\n<\/td>\n<\/tr>\n<tr valign=\"TOP\">\n<td width=\"24%\">\n<p align=\"CENTER\"><span style=\"font-family: Times New Roman, serif;\"><span style=\"font-size: small;\">Classe de pr\u00e9dilection<\/span><\/span><\/p>\n<\/td>\n<td colspan=\"2\" width=\"76%\">\n<p align=\"CENTER\"><span style=\"font-family: Times New Roman, serif;\"><span style=\"font-size: small;\">R\u00f4deur<\/span><\/span><\/p>\n<\/td>\n<\/tr>\n<tr valign=\"TOP\">\n<td width=\"24%\">\n<p align=\"CENTER\"><span style=\"font-family: Times New Roman, serif;\"><span style=\"font-size: small;\">Classe Interdite<\/span><\/span><\/p>\n<\/td>\n<td colspan=\"2\" width=\"76%\">\n<p align=\"CENTER\"><span style=\"font-family: Times New Roman, serif;\"><span style=\"font-size: small;\">Barbare<\/span><\/span><\/p>\n<\/td>\n<\/tr>\n<tr valign=\"TOP\">\n<td width=\"24%\">\n<p align=\"CENTER\"><span style=\"font-family: Times New Roman, serif;\"><span style=\"font-size: small;\">Ajustement de Niveau<\/span><\/span><\/p>\n<\/td>\n<td colspan=\"2\" width=\"76%\">\n<p align=\"CENTER\"><span style=\"font-family: Times New Roman, serif;\"><span style=\"font-size: small;\">+0<\/span><\/span><\/p>\n<\/td>\n<\/tr>\n<\/tbody>\n<\/table>\n<\/dd>\n<\/dl>\n<dl>\n<dd>\n<table border=\"1\" width=\"100%\" cellspacing=\"0\" cellpadding=\"4\">\n<tbody>\n<tr valign=\"TOP\">\n<td width=\"14%\">\n<p align=\"CENTER\"><span style=\"font-family: Times New Roman, serif;\"><span style=\"font-size: small;\">Hobbit Vaillant<\/span><\/span><\/p>\n<\/td>\n<td width=\"14%\">\n<p align=\"CENTER\"><span style=\"font-family: Times New Roman, serif;\"><span style=\"font-size: small;\">Taille de Base<\/span><\/span><\/p>\n<\/td>\n<td width=\"14%\">\n<p align=\"CENTER\"><span style=\"font-family: Times New Roman, serif;\"><span style=\"font-size: small;\">Modificateur<\/span><\/span><\/p>\n<\/td>\n<td width=\"14%\">\n<p align=\"CENTER\"><span style=\"font-family: Times New Roman, serif;\"><span style=\"font-size: small;\">Taille Moyenne<\/span><\/span><\/p>\n<\/td>\n<td width=\"14%\">\n<p align=\"CENTER\"><span style=\"font-family: Times New Roman, serif;\"><span style=\"font-size: small;\">Poids de Base<\/span><\/span><\/p>\n<\/td>\n<td width=\"14%\">\n<p align=\"CENTER\"><span style=\"font-family: Times New Roman, serif;\"><span style=\"font-size: small;\">Modificateur<\/span><\/span><\/p>\n<\/td>\n<td width=\"14%\">\n<p align=\"CENTER\"><span style=\"font-family: Times New Roman, serif;\"><span style=\"font-size: small;\">Poids Moyen<\/span><\/span><\/p>\n<\/td>\n<\/tr>\n<tr valign=\"TOP\">\n<td width=\"14%\">\n<p align=\"CENTER\"><span style=\"font-family: Times New Roman, serif;\"><span style=\"font-size: small;\">M\u00e2le<\/span><\/span><\/p>\n<\/td>\n<td width=\"14%\">\n<p align=\"CENTER\"><span style=\"font-family: Times New Roman, serif;\"><span style=\"font-size: small;\">0,8 m<\/span><\/span><\/p>\n<\/td>\n<td width=\"14%\">\n<p align=\"CENTER\"><span style=\"font-family: Times New Roman, serif;\"><span style=\"font-size: small;\">+5d4 cm<\/span><\/span><\/p>\n<\/td>\n<td width=\"14%\">\n<p align=\"CENTER\"><span style=\"font-family: Times New Roman, serif;\"><span style=\"font-size: small;\">0,93 m<\/span><\/span><\/p>\n<\/td>\n<td width=\"14%\">\n<p align=\"CENTER\"><span style=\"font-family: Times New Roman, serif;\"><span style=\"font-size: small;\">15 kg<\/span><\/span><\/p>\n<\/td>\n<td width=\"14%\">\n<p align=\"CENTER\"><span style=\"font-family: Times New Roman, serif;\"><span style=\"font-size: small;\">x(1d6)\/5<\/span><\/span><\/p>\n<\/td>\n<td width=\"14%\">\n<p align=\"CENTER\"><span style=\"font-family: Times New Roman, serif;\"><span style=\"font-size: small;\">18 kg<\/span><\/span><\/p>\n<\/td>\n<\/tr>\n<tr valign=\"TOP\">\n<td width=\"14%\">\n<p align=\"CENTER\"><span style=\"font-family: Times New Roman, serif;\"><span style=\"font-size: small;\">Femelle<\/span><\/span><\/p>\n<\/td>\n<td width=\"14%\">\n<p align=\"CENTER\"><span style=\"font-family: Times New Roman, serif;\"><span style=\"font-size: small;\">0,75 m<\/span><\/span><\/p>\n<\/td>\n<td width=\"14%\">\n<p align=\"CENTER\"><span style=\"font-family: Times New Roman, serif;\"><span style=\"font-size: small;\">+5d4 cm<\/span><\/span><\/p>\n<\/td>\n<td width=\"14%\">\n<p align=\"CENTER\"><span style=\"font-family: Times New Roman, serif;\"><span style=\"font-size: small;\">0,88 m<\/span><\/span><\/p>\n<\/td>\n<td width=\"14%\">\n<p align=\"CENTER\"><span style=\"font-family: Times New Roman, serif;\"><span style=\"font-size: small;\">12 kg<\/span><\/span><\/p>\n<\/td>\n<td width=\"14%\">\n<p align=\"CENTER\"><span style=\"font-family: Times New Roman, serif;\"><span style=\"font-size: small;\">x(1d6)\/5<\/span><\/span><\/p>\n<\/td>\n<td width=\"14%\">\n<p align=\"CENTER\"><span style=\"font-family: Times New Roman, serif;\"><span style=\"font-size: small;\">15 kg<\/span><\/span><\/p>\n<\/td>\n<\/tr>\n<\/tbody>\n<\/table>\n<\/dd>\n<\/dl>\n<dl>\n<dd>\n<table border=\"1\" width=\"100%\" cellspacing=\"0\" cellpadding=\"4\">\n<tbody>\n<tr valign=\"TOP\">\n<td width=\"17%\">\n<p align=\"CENTER\"><span style=\"font-family: Times New Roman, serif;\"><span style=\"font-size: small;\">\u00c2ge<\/span><\/span><\/p>\n<\/td>\n<td width=\"17%\">\n<p align=\"CENTER\"><span style=\"font-family: Times New Roman, serif;\"><span style=\"font-size: small;\">\u00c2ge Adulte<\/span><\/span><\/p>\n<\/td>\n<td width=\"17%\">\n<p align=\"CENTER\"><span style=\"font-family: Times New Roman, serif;\"><span style=\"font-size: small;\">\u00c2ge Mur<\/span><\/span><\/p>\n<\/td>\n<td width=\"17%\">\n<p align=\"CENTER\"><span style=\"font-family: Times New Roman, serif;\"><span style=\"font-size: small;\">Grand \u00c2ge<\/span><\/span><\/p>\n<\/td>\n<td width=\"17%\">\n<p align=\"CENTER\"><span style=\"font-family: Times New Roman, serif;\"><span style=\"font-size: small;\">\u00c2ge V\u00e9n\u00e9rable<\/span><\/span><\/p>\n<\/td>\n<td width=\"17%\">\n<p align=\"CENTER\"><span style=\"font-family: Times New Roman, serif;\"><span style=\"font-size: small;\">\u00c2ge Max<\/span><\/span><\/p>\n<\/td>\n<\/tr>\n<tr valign=\"TOP\">\n<td width=\"17%\">\n<p align=\"CENTER\"><span style=\"font-family: Times New Roman, serif;\"><span style=\"font-size: small;\">Hobbit Vaillant<\/span><\/span><\/p>\n<\/td>\n<td width=\"17%\">\n<p align=\"CENTER\"><span style=\"font-family: Times New Roman, serif;\"><span style=\"font-size: small;\">20 ans<\/span><\/span><\/p>\n<\/td>\n<td width=\"17%\">\n<p align=\"CENTER\"><span style=\"font-family: Times New Roman, serif;\"><span style=\"font-size: small;\">50 ans<\/span><\/span><\/p>\n<\/td>\n<td width=\"17%\">\n<p align=\"CENTER\"><span style=\"font-family: Times New Roman, serif;\"><span style=\"font-size: small;\">75 ans<\/span><\/span><\/p>\n<\/td>\n<td width=\"17%\">\n<p align=\"CENTER\"><span style=\"font-family: Times New Roman, serif;\"><span style=\"font-size: small;\">100 ans<\/span><\/span><\/p>\n<\/td>\n<td width=\"17%\">\n<p align=\"CENTER\"><span style=\"font-family: Times New Roman, serif;\"><span style=\"font-size: small;\">+5d20 ans<\/span><\/span><\/p>\n<\/td>\n<\/tr>\n<\/tbody>\n<\/table>\n<\/dd>\n<\/dl>\n<p align=\"CENTER\"><span style=\"font-size: small;\">Les hobbits vaillants, originaires de Luiren, sont des halfelins semi-nomades, alliant stabilit\u00e9 et mobilit\u00e9. Leur soci\u00e9t\u00e9 coop\u00e9rative les rend travailleurs, mais toujours pr\u00eats \u00e0 se d\u00e9placer. Ils sont connus pour leur capacit\u00e9 \u00e0 s\u2019adapter et \u00e0 d\u00e9fendre leur communaut\u00e9.<br>Les hobbits vaillants ont une affinit\u00e9 pour la magie, particuli\u00e8rement pour les objets magiques stationnaires. Leur foi est centr\u00e9e sur Arvoreen, avec des influences de Sheela Peryroyl et Yondalla, leur v\u00e9n\u00e9ration de la protection et de la nature guidant leur mode de vie.<br>Pr\u00eats \u00e0 se d\u00e9fendre, les vaillants sont souvent clercs, guerriers ou r\u00f4deurs. Leur ing\u00e9niosit\u00e9 se refl\u00e8te dans des inventions comme les boucliers de charriot, symbolisant leur volont\u00e9 de prot\u00e9ger leur terre et leur communaut\u00e9.<\/span><\/p>\t\t\t\t\t\t\t\t<\/div>\n\t\t\t\t\t<\/div>\n\t\t\t\t<\/div>\n\t\t\t\t<\/div>\n\t\t","protected":false},"excerpt":{"rendered":"<p>&nbsp; &nbsp; &nbsp; &nbsp; &nbsp; &nbsp; &nbsp; &nbsp; &nbsp; &nbsp; &nbsp; &nbsp; &nbsp; &nbsp; &nbsp; &nbsp; &nbsp; &nbsp; &nbsp; &nbsp; &nbsp; &nbsp; &nbsp; &nbsp; &nbsp; &nbsp; &nbsp; &nbsp; &nbsp; &nbsp; &nbsp; &nbsp; &nbsp; &nbsp; &nbsp; &nbsp; &nbsp; &nbsp; &nbsp;Hobbit Pied-L\u00e9ger Humano\u00efde [Hobbit] Taille P Caract\u00e9ristique +2 Dext\u00e9rit\u00e9 | -2 Force Traits raciaux +2 aux jets [&hellip;]<\/p>\n","protected":false},"author":1,"featured_media":0,"parent":0,"menu_order":0,"comment_status":"closed","ping_status":"closed","template":"","meta":{"_themeisle_gutenberg_block_has_review":false,"footnotes":""},"class_list":["post-414","page","type-page","status-publish","hentry"],"_links":{"self":[{"href":"https:\/\/www.manuelcdm.fr\/index.php\/wp-json\/wp\/v2\/pages\/414","targetHints":{"allow":["GET"]}}],"collection":[{"href":"https:\/\/www.manuelcdm.fr\/index.php\/wp-json\/wp\/v2\/pages"}],"about":[{"href":"https:\/\/www.manuelcdm.fr\/index.php\/wp-json\/wp\/v2\/types\/page"}],"author":[{"embeddable":true,"href":"https:\/\/www.manuelcdm.fr\/index.php\/wp-json\/wp\/v2\/users\/1"}],"replies":[{"embeddable":true,"href":"https:\/\/www.manuelcdm.fr\/index.php\/wp-json\/wp\/v2\/comments?post=414"}],"version-history":[{"count":4,"href":"https:\/\/www.manuelcdm.fr\/index.php\/wp-json\/wp\/v2\/pages\/414\/revisions"}],"predecessor-version":[{"id":421,"href":"https:\/\/www.manuelcdm.fr\/index.php\/wp-json\/wp\/v2\/pages\/414\/revisions\/421"}],"wp:attachment":[{"href":"https:\/\/www.manuelcdm.fr\/index.php\/wp-json\/wp\/v2\/media?parent=414"}],"curies":[{"name":"wp","href":"https:\/\/api.w.org\/{rel}","templated":true}]}}