{"id":448,"date":"2025-07-30T16:53:26","date_gmt":"2025-07-30T16:53:26","guid":{"rendered":"https:\/\/www.manuelcdm.fr\/?page_id=448"},"modified":"2025-07-30T16:58:24","modified_gmt":"2025-07-30T16:58:24","slug":"les-aasimars","status":"publish","type":"page","link":"https:\/\/www.manuelcdm.fr\/index.php\/les-aasimars\/","title":{"rendered":"Les Aasimars"},"content":{"rendered":"\t\t<div data-elementor-type=\"wp-page\" data-elementor-id=\"448\" class=\"elementor elementor-448\">\n\t\t\t\t<div class=\"elementor-element elementor-element-c6ce6ad e-flex e-con-boxed e-con e-parent\" data-id=\"c6ce6ad\" data-element_type=\"container\">\n\t\t\t\t\t<div class=\"e-con-inner\">\n\t\t\t\t<div class=\"elementor-element elementor-element-17a04dc elementor-widget elementor-widget-text-editor\" data-id=\"17a04dc\" data-element_type=\"widget\" data-widget_type=\"text-editor.default\">\n\t\t\t\t\t\t\t\t\t<p align=\"LEFT\"><span style=\"font-family: Segoe Script, cursive;\"><b>\u00a0 \u00a0 \u00a0 \u00a0 \u00a0 \u00a0 \u00a0 \u00a0 \u00a0 \u00a0 \u00a0 \u00a0 \u00a0 \u00a0 \u00a0 \u00a0 \u00a0 \u00a0 \u00a0 \u00a0 \u00a0 \u00a0 \u00a0 \u00a0 \u00a0 \u00a0 \u00a0 \u00a0 \u00a0 \u00a0 \u00a0 \u00a0 \u00a0 \u00a0 \u00a0 \u00a0 \u00a0 \u00a0 \u00a0 \u00a0 \u00a0 <u>Aasimar<\/u> *<\/b><\/span><\/p><p align=\"LEFT\"><span style=\"font-family: Segoe Script, cursive;\"><b>\u00a0<\/b><\/span><\/p><dl><dd><table border=\"1\" width=\"100%\" cellspacing=\"0\" cellpadding=\"4\"><tbody><tr valign=\"TOP\"><td colspan=\"2\" width=\"46%\"><p align=\"CENTER\"><span style=\"font-family: Times New Roman, serif;\"><span style=\"font-size: small;\">Humano\u00efde [Aasimar]<\/span><\/span><\/p><\/td><td width=\"54%\"><p align=\"CENTER\"><span style=\"font-family: Times New Roman, serif;\"><span style=\"font-size: small;\">Taille M<\/span><\/span><\/p><\/td><\/tr><tr valign=\"TOP\"><td width=\"24%\"><p align=\"CENTER\"><span style=\"font-family: Times New Roman, serif;\"><span style=\"font-size: small;\">Caract\u00e9ristique<\/span><\/span><\/p><\/td><td colspan=\"2\" width=\"76%\"><p align=\"CENTER\"><span style=\"font-family: Times New Roman, serif;\"><span style=\"font-size: small;\">+2 Sagesse +2 Charisme<\/span><\/span><\/p><\/td><\/tr><tr valign=\"TOP\"><td width=\"24%\"><p align=\"CENTER\"><span style=\"font-family: Times New Roman, serif;\"><span style=\"font-size: small;\">Traits raciaux<\/span><\/span><\/p><\/td><td colspan=\"2\" width=\"76%\"><p align=\"CENTER\"><span style=\"font-family: Times New Roman, serif;\"><span style=\"font-size: small;\">Vision dans le noir<\/span><\/span><\/p><p align=\"CENTER\"><span style=\"font-family: Times New Roman, serif;\"><span style=\"font-size: small;\">R\u00e9sistance de 5 au feu, froid et acide<\/span><\/span><\/p><p align=\"CENTER\"><span style=\"font-family: Times New Roman, serif;\"><span style=\"font-size: small;\">+2 aux jets de fouille et de perception<\/span><\/span><\/p><p align=\"CENTER\"><span style=\"font-family: Times New Roman, serif;\"><span style=\"font-size: small;\">Lumi\u00e8re<\/span><\/span><\/p><\/td><\/tr><tr valign=\"TOP\"><td width=\"24%\"><p align=\"CENTER\"><span style=\"font-family: Times New Roman, serif;\"><span style=\"font-size: small;\">Maniement des armes<\/span><\/span><\/p><\/td><td colspan=\"2\" width=\"76%\"><p align=\"CENTER\"><span style=\"font-family: Times New Roman, serif;\"><span style=\"font-size: small;\">Armes courantes<\/span><\/span><\/p><\/td><\/tr><tr valign=\"TOP\"><td width=\"24%\"><p align=\"CENTER\"><span style=\"font-family: Times New Roman, serif;\"><span style=\"font-size: small;\">Vitesse de d\u00e9placement<\/span><\/span><\/p><\/td><td colspan=\"2\" width=\"76%\"><p align=\"CENTER\"><span style=\"font-family: Times New Roman, serif;\"><span style=\"font-size: small;\">9 m\u00e8tres<\/span><\/span><\/p><\/td><\/tr><tr valign=\"TOP\"><td width=\"24%\"><p align=\"CENTER\"><span style=\"font-family: Times New Roman, serif;\"><span style=\"font-size: small;\">Langues<\/span><\/span><\/p><\/td><td colspan=\"2\" width=\"76%\"><p align=\"CENTER\"><span style=\"font-family: Times New Roman, serif;\"><span style=\"font-size: small;\">Commun + Selon la r\u00e9gion<\/span><\/span><\/p><\/td><\/tr><tr valign=\"TOP\"><td width=\"24%\"><p align=\"CENTER\"><span style=\"font-family: Times New Roman, serif;\"><span style=\"font-size: small;\">Classe de pr\u00e9dilection<\/span><\/span><\/p><\/td><td colspan=\"2\" width=\"76%\"><p align=\"CENTER\"><span style=\"font-family: Times New Roman, serif;\"><span style=\"font-size: small;\">Clerc<\/span><\/span><\/p><\/td><\/tr><tr valign=\"TOP\"><td width=\"24%\"><p align=\"CENTER\"><span style=\"font-family: Times New Roman, serif;\"><span style=\"font-size: small;\">Classe Interdite<\/span><\/span><\/p><\/td><td colspan=\"2\" width=\"76%\"><p align=\"CENTER\"><span style=\"font-family: Times New Roman, serif;\"><span style=\"font-size: small;\">&#8211;<\/span><\/span><\/p><\/td><\/tr><tr valign=\"TOP\"><td width=\"24%\"><p align=\"CENTER\"><span style=\"font-family: Times New Roman, serif;\"><span style=\"font-size: small;\">Ajustement de Niveau<\/span><\/span><\/p><\/td><td colspan=\"2\" width=\"76%\"><p align=\"CENTER\"><span style=\"font-family: Times New Roman, serif;\"><span style=\"font-size: small;\">+1<\/span><\/span><\/p><\/td><\/tr><\/tbody><\/table><\/dd><\/dl><dl><dd><table border=\"1\" width=\"100%\" cellspacing=\"0\" cellpadding=\"4\"><tbody><tr valign=\"TOP\"><td width=\"14%\"><p align=\"CENTER\"><span style=\"font-family: Times New Roman, serif;\"><span style=\"font-size: small;\">Aasimar<\/span><\/span><\/p><\/td><td width=\"14%\"><p align=\"CENTER\"><span style=\"font-family: Times New Roman, serif;\"><span style=\"font-size: small;\">Taille de Base<\/span><\/span><\/p><\/td><td width=\"14%\"><p align=\"CENTER\"><span style=\"font-family: Times New Roman, serif;\"><span style=\"font-size: small;\">Modificateur<\/span><\/span><\/p><\/td><td width=\"14%\"><p align=\"CENTER\"><span style=\"font-family: Times New Roman, serif;\"><span style=\"font-size: small;\">Taille Moyenne<\/span><\/span><\/p><\/td><td width=\"14%\"><p align=\"CENTER\"><span style=\"font-family: Times New Roman, serif;\"><span style=\"font-size: small;\">Poids de Base<\/span><\/span><\/p><\/td><td width=\"14%\"><p align=\"CENTER\"><span style=\"font-family: Times New Roman, serif;\"><span style=\"font-size: small;\">Modificateur<\/span><\/span><\/p><\/td><td width=\"14%\"><p align=\"CENTER\"><span style=\"font-family: Times New Roman, serif;\"><span style=\"font-size: small;\">Poids Moyen<\/span><\/span><\/p><\/td><\/tr><tr valign=\"TOP\"><td width=\"14%\"><p align=\"CENTER\"><span style=\"font-family: Times New Roman, serif;\"><span style=\"font-size: small;\">M\u00e2le<\/span><\/span><\/p><\/td><td width=\"14%\"><p align=\"CENTER\"><span style=\"font-family: Times New Roman, serif;\"><span style=\"font-size: small;\">1,5 m<\/span><\/span><\/p><\/td><td width=\"14%\"><p align=\"CENTER\"><span style=\"font-family: Times New Roman, serif;\"><span style=\"font-size: small;\">+5d10 cm<\/span><\/span><\/p><\/td><td width=\"14%\"><p align=\"CENTER\"><span style=\"font-family: Times New Roman, serif;\"><span style=\"font-size: small;\">1,78 m<\/span><\/span><\/p><\/td><td width=\"14%\"><p align=\"CENTER\"><span style=\"font-family: Times New Roman, serif;\"><span style=\"font-size: small;\">60 kg<\/span><\/span><\/p><\/td><td width=\"14%\"><p align=\"CENTER\"><span style=\"font-family: Times New Roman, serif;\"><span style=\"font-size: small;\">x(2d4)\/5<\/span><\/span><\/p><\/td><td width=\"14%\"><p align=\"CENTER\"><span style=\"font-family: Times New Roman, serif;\"><span style=\"font-size: small;\">77 kg<\/span><\/span><\/p><\/td><\/tr><tr valign=\"TOP\"><td width=\"14%\"><p align=\"CENTER\"><span style=\"font-family: Times New Roman, serif;\"><span style=\"font-size: small;\">Femelle<\/span><\/span><\/p><\/td><td width=\"14%\"><p align=\"CENTER\"><span style=\"font-family: Times New Roman, serif;\"><span style=\"font-size: small;\">1,35 m<\/span><\/span><\/p><\/td><td width=\"14%\"><p align=\"CENTER\"><span style=\"font-family: Times New Roman, serif;\"><span style=\"font-size: small;\">+5d10 cm<\/span><\/span><\/p><\/td><td width=\"14%\"><p align=\"CENTER\"><span style=\"font-family: Times New Roman, serif;\"><span style=\"font-size: small;\">1,63 m<\/span><\/span><\/p><\/td><td width=\"14%\"><p align=\"CENTER\"><span style=\"font-family: Times New Roman, serif;\"><span style=\"font-size: small;\">42 kg<\/span><\/span><\/p><\/td><td width=\"14%\"><p align=\"CENTER\"><span style=\"font-family: Times New Roman, serif;\"><span style=\"font-size: small;\">x(2d4)\/5<\/span><\/span><\/p><\/td><td width=\"14%\"><p align=\"CENTER\"><span style=\"font-family: Times New Roman, serif;\"><span style=\"font-size: small;\">59 kg<\/span><\/span><\/p><\/td><\/tr><\/tbody><\/table><\/dd><\/dl><dl><dd><table border=\"1\" width=\"100%\" cellspacing=\"0\" cellpadding=\"4\"><tbody><tr valign=\"TOP\"><td width=\"17%\"><p align=\"CENTER\"><span style=\"font-family: Times New Roman, serif;\"><span style=\"font-size: small;\">\u00c2ge<\/span><\/span><\/p><\/td><td width=\"17%\"><p align=\"CENTER\"><span style=\"font-family: Times New Roman, serif;\"><span style=\"font-size: small;\">\u00c2ge Adulte<\/span><\/span><\/p><\/td><td width=\"17%\"><p align=\"CENTER\"><span style=\"font-family: Times New Roman, serif;\"><span style=\"font-size: small;\">\u00c2ge Mur<\/span><\/span><\/p><\/td><td width=\"17%\"><p align=\"CENTER\"><span style=\"font-family: Times New Roman, serif;\"><span style=\"font-size: small;\">Grand \u00c2ge<\/span><\/span><\/p><\/td><td width=\"17%\"><p align=\"CENTER\"><span style=\"font-family: Times New Roman, serif;\"><span style=\"font-size: small;\">\u00c2ge V\u00e9n\u00e9rable<\/span><\/span><\/p><\/td><td width=\"17%\"><p align=\"CENTER\"><span style=\"font-family: Times New Roman, serif;\"><span style=\"font-size: small;\">\u00c2ge Max<\/span><\/span><\/p><\/td><\/tr><tr valign=\"TOP\"><td width=\"17%\"><p align=\"CENTER\"><span style=\"font-family: Times New Roman, serif;\"><span style=\"font-size: small;\">Aasimar<\/span><\/span><\/p><\/td><td width=\"17%\"><p align=\"CENTER\"><span style=\"font-family: Times New Roman, serif;\"><span style=\"font-size: small;\">23 ans<\/span><\/span><\/p><\/td><td width=\"17%\"><p align=\"CENTER\"><span style=\"font-family: Times New Roman, serif;\"><span style=\"font-size: small;\">57 ans<\/span><\/span><\/p><\/td><td width=\"17%\"><p align=\"CENTER\"><span style=\"font-family: Times New Roman, serif;\"><span style=\"font-size: small;\">86 ans<\/span><\/span><\/p><\/td><td width=\"17%\"><p align=\"CENTER\"><span style=\"font-family: Times New Roman, serif;\"><span style=\"font-size: small;\">117 ans<\/span><\/span><\/p><\/td><td width=\"17%\"><p align=\"CENTER\"><span style=\"font-family: Times New Roman, serif;\"><span style=\"font-size: small;\">+2d20 ans<\/span><\/span><\/p><\/td><\/tr><\/tbody><\/table><\/dd><\/dl><p align=\"CENTER\"><span style=\"font-family: Times New Roman, serif;\"><span style=\"font-size: small;\">Les Aasimars sont des \u00eatres c\u00e9lestes n\u00e9s de l&#8217;union entre un mortel et un \u00eatre divin ou c\u00e9leste. Leur apparence en refl\u00e8te la beaut\u00e9 surnaturelle, souvent marqu\u00e9e par une peau \u00e9clatante, des yeux lumineux et des traits fins qui inspirent la puret\u00e9 et l&#8217;harmonie. Ils portent en eux une \u00e9tincelle de divinit\u00e9, ce qui les rend naturellement bienveillants et pr\u00eats \u00e0 d\u00e9fendre les innocents.<br \/>En raison de leur ascendance c\u00e9leste, les Aasimars poss\u00e8dent une forte connexion avec les forces divines et sont souvent appel\u00e9s \u00e0 accomplir des missions sacr\u00e9es. Leur alignement tend g\u00e9n\u00e9ralement vers le bien, et ils sont pouss\u00e9s \u00e0 utiliser leurs pouvoirs pour apporter la lumi\u00e8re dans les t\u00e9n\u00e8bres et \u00e9radiquer le mal sous toutes ses formes.<br \/>Les Aasimars peuvent se retrouver en conflit avec leur nature c\u00e9leste et leur vie mortelle, cherchant un \u00e9quilibre entre leur devoir divin et leur d\u00e9sir de vivre parmi les mortels. Cet aspect complexe fait d\u2019eux des individus souvent r\u00e9fl\u00e9chis et parfois tourment\u00e9s, tiraill\u00e9s entre leur h\u00e9ritage c\u00e9leste et les r\u00e9alit\u00e9s de la vie sur Terre. Leur pr\u00e9sence dans une aventure ou une qu\u00eate peut \u00eatre une source de lumi\u00e8re et de sagesse, guidant les autres vers des actions nobles.<\/span><\/span><\/p>\t\t\t\t\t\t\t\t<\/div>\n\t\t\t\t\t<\/div>\n\t\t\t\t<\/div>\n\t\t\t\t<\/div>\n\t\t","protected":false},"excerpt":{"rendered":"<p>\u00a0 \u00a0 \u00a0 \u00a0 \u00a0 \u00a0 \u00a0 \u00a0 \u00a0 \u00a0 \u00a0 \u00a0 \u00a0 \u00a0 \u00a0 \u00a0 \u00a0 \u00a0 \u00a0 \u00a0 \u00a0 \u00a0 \u00a0 \u00a0 \u00a0 \u00a0 \u00a0 \u00a0 \u00a0 \u00a0 \u00a0 \u00a0 \u00a0 \u00a0 \u00a0 \u00a0 \u00a0 \u00a0 \u00a0 \u00a0 \u00a0 Aasimar * \u00a0 Humano\u00efde [Aasimar] Taille M Caract\u00e9ristique +2 Sagesse +2 Charisme Traits raciaux [&hellip;]<\/p>\n","protected":false},"author":1,"featured_media":0,"parent":0,"menu_order":0,"comment_status":"closed","ping_status":"closed","template":"","meta":{"_themeisle_gutenberg_block_has_review":false,"footnotes":""},"class_list":["post-448","page","type-page","status-publish","hentry"],"_links":{"self":[{"href":"https:\/\/www.manuelcdm.fr\/index.php\/wp-json\/wp\/v2\/pages\/448","targetHints":{"allow":["GET"]}}],"collection":[{"href":"https:\/\/www.manuelcdm.fr\/index.php\/wp-json\/wp\/v2\/pages"}],"about":[{"href":"https:\/\/www.manuelcdm.fr\/index.php\/wp-json\/wp\/v2\/types\/page"}],"author":[{"embeddable":true,"href":"https:\/\/www.manuelcdm.fr\/index.php\/wp-json\/wp\/v2\/users\/1"}],"replies":[{"embeddable":true,"href":"https:\/\/www.manuelcdm.fr\/index.php\/wp-json\/wp\/v2\/comments?post=448"}],"version-history":[{"count":7,"href":"https:\/\/www.manuelcdm.fr\/index.php\/wp-json\/wp\/v2\/pages\/448\/revisions"}],"predecessor-version":[{"id":466,"href":"https:\/\/www.manuelcdm.fr\/index.php\/wp-json\/wp\/v2\/pages\/448\/revisions\/466"}],"wp:attachment":[{"href":"https:\/\/www.manuelcdm.fr\/index.php\/wp-json\/wp\/v2\/media?parent=448"}],"curies":[{"name":"wp","href":"https:\/\/api.w.org\/{rel}","templated":true}]}}