{"id":880,"date":"2025-10-25T20:06:47","date_gmt":"2025-10-25T20:06:47","guid":{"rendered":"https:\/\/www.manuelcdm.fr\/?page_id=880"},"modified":"2025-10-25T20:10:16","modified_gmt":"2025-10-25T20:10:16","slug":"equipement-et-poids","status":"publish","type":"page","link":"https:\/\/www.manuelcdm.fr\/index.php\/equipement-et-poids\/","title":{"rendered":"\u00c9quipement et poids"},"content":{"rendered":"\t\t<div data-elementor-type=\"wp-page\" data-elementor-id=\"880\" class=\"elementor elementor-880\">\n\t\t\t\t<div class=\"elementor-element elementor-element-a4b2b24 e-flex e-con-boxed e-con e-parent\" data-id=\"a4b2b24\" data-element_type=\"container\">\n\t\t\t\t\t<div class=\"e-con-inner\">\n\t\t\t\t<div class=\"elementor-element elementor-element-acc293c elementor-widget elementor-widget-text-editor\" data-id=\"acc293c\" data-element_type=\"widget\" data-widget_type=\"text-editor.default\">\n\t\t\t\t\t\t\t\t\t<p align=\"LEFT\"><span style=\"font-size: medium;\">Les r\u00e8gles qui suivent d\u00e9terminent \u00e0 quel point l\u2019armure et la charge port\u00e9e par le personnage le ralentissent. Elles se d\u00e9composent en deux r\u00e8gles distinctes : le poids de l\u2019armure et le poids total transport\u00e9.<\/span><\/p><p align=\"LEFT\"><span style=\"font-size: medium;\">Les r\u00e8gles qui suivent d\u00e9terminent \u00e0 quel point l\u2019armure et la charge port\u00e9e par le personnage le ralentissent. Elles se d\u00e9composent en deux r\u00e8gles distinctes : le poids de l\u2019armure et le poids total transport\u00e9.<\/span><\/p><p align=\"LEFT\"><strong><span style=\"font-size: medium;\"><i>Le poids de l\u2019armure<\/i><\/span><\/strong> <span style=\"font-size: medium;\">: L\u2019armure qui \u00e9quipe le personnage d\u00e9termine le bonus maximal de Dext\u00e9rit\u00e9 pouvant \u00eatre appliqu\u00e9 \u00e0 la CA, la p\u00e9nalit\u00e9 d\u2019armure, la vitesse de d\u00e9placement normale et celle que l\u2019on peut esp\u00e9rer atteindre en courant. \u00c0 moins que le personnage ne soit tr\u00e8s fr\u00eale ou particuli\u00e8rement charg\u00e9, il n\u2019est pas n\u00e9cessaire d\u2019en savoir davantage. En effet, le reste de son \u00e9quipement (armes, cordes, etc.) ne le ralentit pas plus que son armure.<br \/>Par contre, si le personnage est vraiment faible ou si sa charge est exceptionnellement \u00e9lev\u00e9e, il faut calculer le poids total de ce qu\u2019il porte. C\u2019est particuli\u00e8rement important lorsqu\u2019il d\u00e9sire emporter quelque chose de lourd.<br \/><\/span><strong><span style=\"font-size: medium;\"><i>Poids total<\/i><\/span><\/strong> <span style=\"font-size: medium;\">: Pour savoir si le poids total port\u00e9 par un personnage est suffisamment lourd pour le ralentir (plus que son armure), il suffit d\u2019additionner le poids de tous les objets qu\u2019il a sur lui (armure, armes et \u00e9quipement). Ensuite, il ne reste plus qu\u2019\u00e0 consulter la Table : charge transportable. En fonction du r\u00e9sultat, cette charge est consid\u00e9r\u00e9e l\u00e9g\u00e8re, interm\u00e9diaire ou lourde. Tout comme l\u2019armure, la charge port\u00e9e d\u00e9termine le bonus de Dext\u00e9rit\u00e9 maximal applicable \u00e0 la CA, un malus aux tests (fonctionnant comme le malus d\u2019armure aux tests), la vitesse de d\u00e9placement normale et celle que l\u2019on atteint en courant. Tous ces chiffres sont regroup\u00e9s sur la Table\u00a0: effets de la charge. Une charge lourde ou interm\u00e9diaire est l\u2019\u00e9quivalent d\u2019une armure lourde ou interm\u00e9diaire pour ce qui est des activit\u00e9s affect\u00e9es par le port de l\u2019armure. Un personnage n\u2019est pas g\u00ean\u00e9 par une charge l\u00e9g\u00e8re.<br \/>Dans le cas o\u00f9 l\u2019aventurier porte une armure, on prend seulement en compte le plus \u00e9lev\u00e9 des deux r\u00e9sultats (l\u2019armure ou le poids total)\u00a0; on n\u2019additionne pas les deux.<br \/><\/span><strong><span style=\"font-size: medium;\"><i>Soulever et tirer <\/i><\/span><\/strong><span style=\"font-size: medium;\">: Un personnage peut soulever au-dessus de sa t\u00eate un poids \u00e9gal \u00e0 sa charge maximale.<br \/>Il lui est \u00e9galement possible de soulever le double de sa charge maximale mais, dans ce cas, il tient son fardeau \u00e0 bout de bras et n\u2019avance plus qu\u2019avec grande difficult\u00e9. Il perd tout bonus de Dext\u00e9rit\u00e9 \u00e0 la CA et sa vitesse de d\u00e9placement tombe \u00e0 1,50 m\u00e8tre par round (ce qui constitue d\u00e9sormais pour lui une action complexe).<br \/>On peut tirer ou pousser jusqu\u2019\u00e0 cinq fois sa charge maximale autoris\u00e9e. Ce chiffre peut \u00eatre doubl\u00e9 si les conditions sont particuli\u00e8rement favorables, ou r\u00e9duit de moiti\u00e9 si elles sont d\u00e9favorables.<br \/><\/span><strong><span style=\"font-size: medium;\"><i>Cr\u00e9atures plus grandes ou plus petites<\/i><\/span><\/strong> <span style=\"font-size: medium;\">: Les chiffres indiqu\u00e9s sur la Table\u00a0: charge transportable concernent des cr\u00e9atures bip\u00e8des de taille moyenne (M). Pour les \u00eatres bip\u00e8des plus grands, on applique le multiplicateur suivant en fonction de leur taille : grande (G) : x2, tr\u00e8s grande (TG) : x4, gigantesque (Gig) : x8 et colossale (C) : x16. De m\u00eame, les cr\u00e9atures bip\u00e8des plus petites transportent un poids moins important, lui aussi d\u00e9pendant de leur cat\u00e9gorie de taille : petite (P) : x3\/4, tr\u00e8s petite (TP) : x1\/2, minuscule (Min) : x1\/4, infime (I) : x1\/8.<br \/>Les quadrup\u00e8des, comme les chevaux, peuvent porter un poids plus important que les bip\u00e8des. Au lieu des multiplicateurs ci-dessus, on applique au poids de la Table\u00a0: charge transportable le facteur suivant\u00a0: infime (I) : x1\/4, minuscule (Min) : x1\/2, tr\u00e8s petite (TP) : x3\/4, petite (P) : x1, moyenne (M) : x3\/2, grande (G) : x3, tr\u00e8s grande (TG) : x6, gigantesque (Gig) : x12 et colossale (C) : x24.<br \/><\/span><strong><span style=\"font-size: medium;\"><i>Force exceptionnelle<\/i><\/span><\/strong> <span style=\"font-size: medium;\">: Pour les valeurs de Force sortant des limites de la Table\u00a0: charge transportable, on proc\u00e8de de la fa\u00e7on suivante. On commence par chercher, entre 20 et 29, le nombre poss\u00e9dant la m\u00eame unit\u00e9 que celui de la cr\u00e9ature concern\u00e9e. Puis, il suffit de multiplier ce nombre par 4 si la Force du monstre est comprise entre 30 et 39, par 16 entre 40 et 49, par 64 entre 50 et 59, et ainsi de suite.<\/span><\/p><p align=\"LEFT\"><span style=\"font-size: medium;\">Poids transportable<\/span><\/p><table border=\"1\" width=\"444\" cellspacing=\"3\" cellpadding=\"2\"><thead><tr><th width=\"40\"><p align=\"LEFT\"><span style=\"font-size: medium;\">Force<\/span><\/p><\/th><th width=\"107\"><p align=\"LEFT\"><span style=\"font-size: medium;\">Charge l\u00e9g\u00e8re<sup>1<\/sup><\/span><\/p><\/th><th width=\"157\"><p align=\"LEFT\"><span style=\"font-size: medium;\">Charge interm\u00e9diaire<sup>1<\/sup><\/span><\/p><\/th><th width=\"107\"><p align=\"LEFT\"><span style=\"font-size: medium;\">Charge lourde<sup>1<\/sup><\/span><\/p><\/th><\/tr><\/thead><tbody><tr><td width=\"40\"><p align=\"LEFT\"><span style=\"font-size: medium;\">1<\/span><\/p><\/td><td width=\"107\"><p align=\"LEFT\"><span style=\"font-size: medium;\">jusqu\u2019\u00e0 1,5 kg<\/span><\/p><\/td><td width=\"157\"><p align=\"LEFT\"><span style=\"font-size: medium;\">1,5\u20133 kg<\/span><\/p><\/td><td width=\"107\"><p align=\"LEFT\"><span style=\"font-size: medium;\">3\u20135 kg<\/span><\/p><\/td><\/tr><tr><td width=\"40\"><p align=\"LEFT\"><span style=\"font-size: medium;\">2<\/span><\/p><\/td><td width=\"107\"><p align=\"LEFT\"><span style=\"font-size: medium;\">jusqu\u2019\u00e0 3 kg<\/span><\/p><\/td><td width=\"157\"><p align=\"LEFT\"><span style=\"font-size: medium;\">3\u20136,5 kg<\/span><\/p><\/td><td width=\"107\"><p align=\"LEFT\"><span style=\"font-size: medium;\">6,5\u201310 kg<\/span><\/p><\/td><\/tr><tr><td width=\"40\"><p align=\"LEFT\"><span style=\"font-size: medium;\">3<\/span><\/p><\/td><td width=\"107\"><p align=\"LEFT\"><span style=\"font-size: medium;\">jusqu\u2019\u00e0 5 kg<\/span><\/p><\/td><td width=\"157\"><p align=\"LEFT\"><span style=\"font-size: medium;\">5\u201310 kg<\/span><\/p><\/td><td width=\"107\"><p align=\"LEFT\"><span style=\"font-size: medium;\">10\u201315 kg<\/span><\/p><\/td><\/tr><tr><td width=\"40\"><p align=\"LEFT\"><span style=\"font-size: medium;\">4<\/span><\/p><\/td><td width=\"107\"><p align=\"LEFT\"><span style=\"font-size: medium;\">jusqu\u2019\u00e0 6,5 kg<\/span><\/p><\/td><td width=\"157\"><p align=\"LEFT\"><span style=\"font-size: medium;\">6,5\u201313 kg<\/span><\/p><\/td><td width=\"107\"><p align=\"LEFT\"><span style=\"font-size: medium;\">13\u201320 kg<\/span><\/p><\/td><\/tr><tr><td width=\"40\"><p align=\"LEFT\"><span style=\"font-size: medium;\">5<\/span><\/p><\/td><td width=\"107\"><p align=\"LEFT\"><span style=\"font-size: medium;\">jusqu\u2019\u00e0 8 kg<\/span><\/p><\/td><td width=\"157\"><p align=\"LEFT\"><span style=\"font-size: medium;\">8\u201316,5 kg<\/span><\/p><\/td><td width=\"107\"><p align=\"LEFT\"><span style=\"font-size: medium;\">16,5\u201325 kg<\/span><\/p><\/td><\/tr><tr><td width=\"40\"><p align=\"LEFT\"><span style=\"font-size: medium;\">6<\/span><\/p><\/td><td width=\"107\"><p align=\"LEFT\"><span style=\"font-size: medium;\">jusqu\u2019\u00e0 10 kg<\/span><\/p><\/td><td width=\"157\"><p align=\"LEFT\"><span style=\"font-size: medium;\">10\u201320 kg<\/span><\/p><\/td><td width=\"107\"><p align=\"LEFT\"><span style=\"font-size: medium;\">20\u201330 kg<\/span><\/p><\/td><\/tr><tr><td width=\"40\"><p align=\"LEFT\"><span style=\"font-size: medium;\">7<\/span><\/p><\/td><td width=\"107\"><p align=\"LEFT\"><span style=\"font-size: medium;\">jusqu\u2019\u00e0 11,5 kg<\/span><\/p><\/td><td width=\"157\"><p align=\"LEFT\"><span style=\"font-size: medium;\">11,5\u201323 kg<\/span><\/p><\/td><td width=\"107\"><p align=\"LEFT\"><span style=\"font-size: medium;\">23\u201335 kg<\/span><\/p><\/td><\/tr><tr><td width=\"40\"><p align=\"LEFT\"><span style=\"font-size: medium;\">8<\/span><\/p><\/td><td width=\"107\"><p align=\"LEFT\"><span style=\"font-size: medium;\">jusqu\u2019\u00e0 13 kg<\/span><\/p><\/td><td width=\"157\"><p align=\"LEFT\"><span style=\"font-size: medium;\">13\u201326,5 kg<\/span><\/p><\/td><td width=\"107\"><p align=\"LEFT\"><span style=\"font-size: medium;\">26,5\u201340 kg<\/span><\/p><\/td><\/tr><tr><td width=\"40\"><p align=\"LEFT\"><span style=\"font-size: medium;\">9<\/span><\/p><\/td><td width=\"107\"><p align=\"LEFT\"><span style=\"font-size: medium;\">jusqu\u2019\u00e0 15 kg<\/span><\/p><\/td><td width=\"157\"><p align=\"LEFT\"><span style=\"font-size: medium;\">15\u201330 kg<\/span><\/p><\/td><td width=\"107\"><p align=\"LEFT\"><span style=\"font-size: medium;\">30\u201345 kg<\/span><\/p><\/td><\/tr><tr><td width=\"40\"><p align=\"LEFT\"><span style=\"font-size: medium;\">10<\/span><\/p><\/td><td width=\"107\"><p align=\"LEFT\"><span style=\"font-size: medium;\">jusqu\u2019\u00e0 17,5 kg<\/span><\/p><\/td><td width=\"157\"><p align=\"LEFT\"><span style=\"font-size: medium;\">17,5\u201333 kg<\/span><\/p><\/td><td width=\"107\"><p align=\"LEFT\"><span style=\"font-size: medium;\">33\u201350 kg<\/span><\/p><\/td><\/tr><tr><td width=\"40\"><p align=\"LEFT\"><span style=\"font-size: medium;\">11<\/span><\/p><\/td><td width=\"107\"><p align=\"LEFT\"><span style=\"font-size: medium;\">jusqu\u2019\u00e0 19 kg<\/span><\/p><\/td><td width=\"157\"><p align=\"LEFT\"><span style=\"font-size: medium;\">19\u201338 kg<\/span><\/p><\/td><td width=\"107\"><p align=\"LEFT\"><span style=\"font-size: medium;\">38\u201357,5 kg<\/span><\/p><\/td><\/tr><tr><td width=\"40\"><p align=\"LEFT\"><span style=\"font-size: medium;\">12<\/span><\/p><\/td><td width=\"107\"><p align=\"LEFT\"><span style=\"font-size: medium;\">jusqu\u2019\u00e0 21,5 kg<\/span><\/p><\/td><td width=\"157\"><p align=\"LEFT\"><span style=\"font-size: medium;\">21,5\u201343 kg<\/span><\/p><\/td><td width=\"107\"><p align=\"LEFT\"><span style=\"font-size: medium;\">43\u201365 kg<\/span><\/p><\/td><\/tr><tr><td width=\"40\"><p align=\"LEFT\"><span style=\"font-size: medium;\">13<\/span><\/p><\/td><td width=\"107\"><p align=\"LEFT\"><span style=\"font-size: medium;\">jusqu\u2019\u00e0 25 kg<\/span><\/p><\/td><td width=\"157\"><p align=\"LEFT\"><span style=\"font-size: medium;\">25\u201350 kg<\/span><\/p><\/td><td width=\"107\"><p align=\"LEFT\"><span style=\"font-size: medium;\">50\u201375 kg<\/span><\/p><\/td><\/tr><tr><td width=\"40\"><p align=\"LEFT\"><span style=\"font-size: medium;\">14<\/span><\/p><\/td><td width=\"107\"><p align=\"LEFT\"><span style=\"font-size: medium;\">jusqu\u2019\u00e0 29 kg<\/span><\/p><\/td><td width=\"157\"><p align=\"LEFT\"><span style=\"font-size: medium;\">29\u201358 kg<\/span><\/p><\/td><td width=\"107\"><p align=\"LEFT\"><span style=\"font-size: medium;\">58\u201387,5 kg<\/span><\/p><\/td><\/tr><tr><td width=\"40\"><p align=\"LEFT\"><span style=\"font-size: medium;\">15<\/span><\/p><\/td><td width=\"107\"><p align=\"LEFT\"><span style=\"font-size: medium;\">jusqu\u2019\u00e0 33 kg<\/span><\/p><\/td><td width=\"157\"><p align=\"LEFT\"><span style=\"font-size: medium;\">33\u201366,5 kg<\/span><\/p><\/td><td width=\"107\"><p align=\"LEFT\"><span style=\"font-size: medium;\">66,5\u2013100 kg<\/span><\/p><\/td><\/tr><tr><td width=\"40\"><p align=\"LEFT\"><span style=\"font-size: medium;\">16<\/span><\/p><\/td><td width=\"107\"><p align=\"LEFT\"><span style=\"font-size: medium;\">jusqu\u2019\u00e0 38 kg<\/span><\/p><\/td><td width=\"157\"><p align=\"LEFT\"><span style=\"font-size: medium;\">38\u201376,5 kg<\/span><\/p><\/td><td width=\"107\"><p align=\"LEFT\"><span style=\"font-size: medium;\">76,5\u2013115 kg<\/span><\/p><\/td><\/tr><tr><td width=\"40\"><p align=\"LEFT\"><span style=\"font-size: medium;\">17<\/span><\/p><\/td><td width=\"107\"><p align=\"LEFT\"><span style=\"font-size: medium;\">jusqu\u2019\u00e0 43 kg<\/span><\/p><\/td><td width=\"157\"><p align=\"LEFT\"><span style=\"font-size: medium;\">43\u201386,5 kg<\/span><\/p><\/td><td width=\"107\"><p align=\"LEFT\"><span style=\"font-size: medium;\">86,5\u2013130 kg<\/span><\/p><\/td><\/tr><tr><td width=\"40\"><p align=\"LEFT\"><span style=\"font-size: medium;\">18<\/span><\/p><\/td><td width=\"107\"><p align=\"LEFT\"><span style=\"font-size: medium;\">jusqu\u2019\u00e0 50 kg<\/span><\/p><\/td><td width=\"157\"><p align=\"LEFT\"><span style=\"font-size: medium;\">50\u2013100 kg<\/span><\/p><\/td><td width=\"107\"><p align=\"LEFT\"><span style=\"font-size: medium;\">100\u2013150 kg<\/span><\/p><\/td><\/tr><tr><td width=\"40\"><p align=\"LEFT\"><span style=\"font-size: medium;\">19<\/span><\/p><\/td><td width=\"107\"><p align=\"LEFT\"><span style=\"font-size: medium;\">jusqu\u2019\u00e0 58 kg<\/span><\/p><\/td><td width=\"157\"><p align=\"LEFT\"><span style=\"font-size: medium;\">58\u2013116,5 kg<\/span><\/p><\/td><td width=\"107\"><p align=\"LEFT\"><span style=\"font-size: medium;\">116,5\u2013175 kg<\/span><\/p><\/td><\/tr><tr><td width=\"40\"><p align=\"LEFT\"><span style=\"font-size: medium;\">20<\/span><\/p><\/td><td width=\"107\"><p align=\"LEFT\"><span style=\"font-size: medium;\">jusqu\u2019\u00e0 66,5 kg<\/span><\/p><\/td><td width=\"157\"><p align=\"LEFT\"><span style=\"font-size: medium;\">66,5\u2013133 kg<\/span><\/p><\/td><td width=\"107\"><p align=\"LEFT\"><span style=\"font-size: medium;\">133\u2013200 kg<\/span><\/p><\/td><\/tr><tr><td width=\"40\"><p align=\"LEFT\"><span style=\"font-size: medium;\">21<\/span><\/p><\/td><td width=\"107\"><p align=\"LEFT\"><span style=\"font-size: medium;\">jusqu\u2019\u00e0 76,5 kg<\/span><\/p><\/td><td width=\"157\"><p align=\"LEFT\"><span style=\"font-size: medium;\">76,5\u2013153 kg<\/span><\/p><\/td><td width=\"107\"><p align=\"LEFT\"><span style=\"font-size: medium;\">153\u2013230 kg<\/span><\/p><\/td><\/tr><tr><td width=\"40\"><p align=\"LEFT\"><span style=\"font-size: medium;\">22<\/span><\/p><\/td><td width=\"107\"><p align=\"LEFT\"><span style=\"font-size: medium;\">jusqu\u2019\u00e0 86,5 kg<\/span><\/p><\/td><td width=\"157\"><p align=\"LEFT\"><span style=\"font-size: medium;\">86,5\u2013173 kg<\/span><\/p><\/td><td width=\"107\"><p align=\"LEFT\"><span style=\"font-size: medium;\">173\u2013260 kg<\/span><\/p><\/td><\/tr><tr><td width=\"40\"><p align=\"LEFT\"><span style=\"font-size: medium;\">23<\/span><\/p><\/td><td width=\"107\"><p align=\"LEFT\"><span style=\"font-size: medium;\">jusqu\u2019\u00e0 100 kg<\/span><\/p><\/td><td width=\"157\"><p align=\"LEFT\"><span style=\"font-size: medium;\">100\u2013200 kg<\/span><\/p><\/td><td width=\"107\"><p align=\"LEFT\"><span style=\"font-size: medium;\">200\u2013300 kg<\/span><\/p><\/td><\/tr><tr><td width=\"40\"><p align=\"LEFT\"><span style=\"font-size: medium;\">24<\/span><\/p><\/td><td width=\"107\"><p align=\"LEFT\"><span style=\"font-size: medium;\">jusqu\u2019\u00e0 116,5 kg<\/span><\/p><\/td><td width=\"157\"><p align=\"LEFT\"><span style=\"font-size: medium;\">116,5\u2013233 kg<\/span><\/p><\/td><td width=\"107\"><p align=\"LEFT\"><span style=\"font-size: medium;\">233\u2013350 kg<\/span><\/p><\/td><\/tr><tr><td width=\"40\"><p align=\"LEFT\"><span style=\"font-size: medium;\">25<\/span><\/p><\/td><td width=\"107\"><p align=\"LEFT\"><span style=\"font-size: medium;\">jusqu\u2019\u00e0 133 kg<\/span><\/p><\/td><td width=\"157\"><p align=\"LEFT\"><span style=\"font-size: medium;\">133\u2013266,5 kg<\/span><\/p><\/td><td width=\"107\"><p align=\"LEFT\"><span style=\"font-size: medium;\">266,5\u2013400 kg<\/span><\/p><\/td><\/tr><tr><td width=\"40\"><p align=\"LEFT\"><span style=\"font-size: medium;\">26<\/span><\/p><\/td><td width=\"107\"><p align=\"LEFT\"><span style=\"font-size: medium;\">jusqu\u2019\u00e0 153 kg<\/span><\/p><\/td><td width=\"157\"><p align=\"LEFT\"><span style=\"font-size: medium;\">153\u2013306,5 kg<\/span><\/p><\/td><td width=\"107\"><p align=\"LEFT\"><span style=\"font-size: medium;\">306,5\u2013460 kg<\/span><\/p><\/td><\/tr><tr><td width=\"40\"><p align=\"LEFT\"><span style=\"font-size: medium;\">27<\/span><\/p><\/td><td width=\"107\"><p align=\"LEFT\"><span style=\"font-size: medium;\">jusqu\u2019\u00e0 173 kg<\/span><\/p><\/td><td width=\"157\"><p align=\"LEFT\"><span style=\"font-size: medium;\">173\u2013346,5 kg<\/span><\/p><\/td><td width=\"107\"><p align=\"LEFT\"><span style=\"font-size: medium;\">346,5\u2013520 kg<\/span><\/p><\/td><\/tr><tr><td width=\"40\"><p align=\"LEFT\"><span style=\"font-size: medium;\">28<\/span><\/p><\/td><td width=\"107\"><p align=\"LEFT\"><span style=\"font-size: medium;\">jusqu\u2019\u00e0 200 kg<\/span><\/p><\/td><td width=\"157\"><p align=\"LEFT\"><span style=\"font-size: medium;\">200\u2013400 kg<\/span><\/p><\/td><td width=\"107\"><p align=\"LEFT\"><span style=\"font-size: medium;\">400\u2013600 kg<\/span><\/p><\/td><\/tr><tr><td width=\"40\"><p align=\"LEFT\"><span style=\"font-size: medium;\">29<\/span><\/p><\/td><td width=\"107\"><p align=\"LEFT\"><span style=\"font-size: medium;\">jusqu\u2019\u00e0 233 kg<\/span><\/p><\/td><td width=\"157\"><p align=\"LEFT\"><span style=\"font-size: medium;\">233\u2013466,5 kg<\/span><\/p><\/td><td width=\"107\"><p align=\"LEFT\"><span style=\"font-size: medium;\">466,5\u2013700 kg<\/span><\/p><\/td><\/tr><tr><td width=\"40\"><p align=\"LEFT\"><span style=\"font-size: medium;\">+10<\/span><\/p><\/td><td width=\"107\"><p align=\"LEFT\"><span style=\"font-size: medium;\">x4<\/span><\/p><\/td><td width=\"157\"><p align=\"LEFT\"><span style=\"font-size: medium;\">x4<\/span><\/p><\/td><td width=\"107\"><p align=\"LEFT\"><span style=\"font-size: medium;\">x4<\/span><\/p><\/td><\/tr><\/tbody><\/table><p align=\"LEFT\"><span style=\"font-size: medium;\">1\u00a0Dans le cas o\u00f9 le poids tombe juste entre deux colonnes, on applique syst\u00e9matiquement la valeur de gauche. Ainsi, pour une Force de 13, 50 kg correspond \u00e0 une charge interm\u00e9diaire. Ce n\u2019est qu\u2019une fois ce seuil franchi (par exemple, \u00e0 50,1 kg) que l\u2019on passe \u00e0 une charge lourde.<\/span><\/p><p align=\"LEFT\"><span style=\"font-size: medium;\">Effets de la charge<\/span><\/p><table border=\"1\" width=\"433\" cellspacing=\"3\" cellpadding=\"2\"><thead><tr><th rowspan=\"2\" width=\"86\"><p align=\"LEFT\"><span style=\"font-size: medium;\">Charge<\/span><\/p><\/th><th rowspan=\"2\" width=\"62\"><p align=\"LEFT\"><span style=\"font-size: medium;\">Dex max<\/span><\/p><\/th><th rowspan=\"2\" width=\"108\"><p align=\"LEFT\"><span style=\"font-size: medium;\">Malus aux tests<\/span><\/p><\/th><th colspan=\"2\" width=\"87\"><p align=\"LEFT\"><span style=\"font-size: medium;\">Vitesse<\/span><\/p><\/th><th rowspan=\"2\" width=\"50\"><p align=\"LEFT\"><span style=\"font-size: medium;\">Course<\/span><\/p><\/th><\/tr><tr><th width=\"36\"><p align=\"LEFT\"><span style=\"font-size: medium;\">(9 m)<\/span><\/p><\/th><th width=\"45\"><p align=\"LEFT\"><span style=\"font-size: medium;\">(6 m)<\/span><\/p><\/th><\/tr><\/thead><tbody><tr><td width=\"86\"><p align=\"LEFT\"><span style=\"font-size: medium;\">Interm\u00e9diaire<\/span><\/p><\/td><td width=\"62\"><p align=\"LEFT\"><span style=\"font-size: medium;\">+3<\/span><\/p><\/td><td width=\"108\"><p align=\"LEFT\">\u2013<span style=\"font-size: medium;\">3<\/span><\/p><\/td><td width=\"36\"><p align=\"LEFT\"><span style=\"font-size: medium;\">6 m<\/span><\/p><\/td><td width=\"45\"><p align=\"LEFT\"><span style=\"font-size: medium;\">4,50 m<\/span><\/p><\/td><td width=\"50\"><p align=\"LEFT\"><span style=\"font-size: medium;\">x4<\/span><\/p><\/td><\/tr><tr><td width=\"86\"><p align=\"LEFT\"><span style=\"font-size: medium;\">Lourde<\/span><\/p><\/td><td width=\"62\"><p align=\"LEFT\"><span style=\"font-size: medium;\">+1<\/span><\/p><\/td><td width=\"108\"><p align=\"LEFT\">\u2013<span style=\"font-size: medium;\">6<\/span><\/p><\/td><td width=\"36\"><p align=\"LEFT\"><span style=\"font-size: medium;\">6 m<\/span><\/p><\/td><td width=\"45\"><p align=\"LEFT\"><span style=\"font-size: medium;\">4,50 m<\/span><\/p><\/td><td width=\"50\"><p align=\"LEFT\"><span style=\"font-size: medium;\">x3<\/span><\/p><\/td><\/tr><\/tbody><\/table><p align=\"LEFT\"><span style=\"font-size: medium;\"><br \/><\/span><br \/><br \/><\/p>\t\t\t\t\t\t\t\t<\/div>\n\t\t\t\t\t<\/div>\n\t\t\t\t<\/div>\n\t\t\t\t<\/div>\n\t\t","protected":false},"excerpt":{"rendered":"<p>Les r\u00e8gles qui suivent d\u00e9terminent \u00e0 quel point l\u2019armure et la charge port\u00e9e par le personnage le ralentissent. Elles se d\u00e9composent en deux r\u00e8gles distinctes : le poids de l\u2019armure et le poids total transport\u00e9. Les r\u00e8gles qui suivent d\u00e9terminent \u00e0 quel point l\u2019armure et la charge port\u00e9e par le personnage le ralentissent. Elles se [&hellip;]<\/p>\n","protected":false},"author":1,"featured_media":0,"parent":0,"menu_order":0,"comment_status":"closed","ping_status":"closed","template":"","meta":{"_themeisle_gutenberg_block_has_review":false,"footnotes":""},"class_list":["post-880","page","type-page","status-publish","hentry"],"_links":{"self":[{"href":"https:\/\/www.manuelcdm.fr\/index.php\/wp-json\/wp\/v2\/pages\/880","targetHints":{"allow":["GET"]}}],"collection":[{"href":"https:\/\/www.manuelcdm.fr\/index.php\/wp-json\/wp\/v2\/pages"}],"about":[{"href":"https:\/\/www.manuelcdm.fr\/index.php\/wp-json\/wp\/v2\/types\/page"}],"author":[{"embeddable":true,"href":"https:\/\/www.manuelcdm.fr\/index.php\/wp-json\/wp\/v2\/users\/1"}],"replies":[{"embeddable":true,"href":"https:\/\/www.manuelcdm.fr\/index.php\/wp-json\/wp\/v2\/comments?post=880"}],"version-history":[{"count":4,"href":"https:\/\/www.manuelcdm.fr\/index.php\/wp-json\/wp\/v2\/pages\/880\/revisions"}],"predecessor-version":[{"id":887,"href":"https:\/\/www.manuelcdm.fr\/index.php\/wp-json\/wp\/v2\/pages\/880\/revisions\/887"}],"wp:attachment":[{"href":"https:\/\/www.manuelcdm.fr\/index.php\/wp-json\/wp\/v2\/media?parent=880"}],"curies":[{"name":"wp","href":"https:\/\/api.w.org\/{rel}","templated":true}]}}