{"id":920,"date":"2025-10-26T00:31:45","date_gmt":"2025-10-26T00:31:45","guid":{"rendered":"https:\/\/www.manuelcdm.fr\/?page_id=920"},"modified":"2025-10-26T01:01:45","modified_gmt":"2025-10-26T01:01:45","slug":"les-dons","status":"publish","type":"page","link":"https:\/\/www.manuelcdm.fr\/index.php\/les-dons\/","title":{"rendered":"Les Dons"},"content":{"rendered":"\t\t<div data-elementor-type=\"wp-page\" data-elementor-id=\"920\" class=\"elementor elementor-920\">\n\t\t\t\t<div class=\"elementor-element elementor-element-dbc0aa0 e-flex e-con-boxed e-con e-parent\" data-id=\"dbc0aa0\" data-element_type=\"container\">\n\t\t\t\t\t<div class=\"e-con-inner\">\n\t\t\t\t<div class=\"elementor-element elementor-element-ca17037 elementor-widget elementor-widget-text-editor\" data-id=\"ca17037\" data-element_type=\"widget\" data-widget_type=\"text-editor.default\">\n\t\t\t\t\t\t\t\t\t<p>Un don est une capacit\u00e9 sp\u00e9ciale qui donne de nouvelles capacit\u00e9 \u00e0 un personnage ou am\u00e9liore ses capacit\u00e9s. Certains dons demandent des conditions qui doivent\u00a0toutes\u00a0\u00eatre accomplies avant de prendre le don.<br \/>Les dons appartiennent \u00e0 diff\u00e9rentes cat\u00e9gories, g\u00e9n\u00e9ral, guerrier, m\u00e9tamagie, divin, comp\u00e9tence, athl\u00e8te, etc&#8230; Il est possible qu&#8217;un personnage soit obliger de choisir une cat\u00e9gorie sp\u00e9cifique de don, notamment les guerriers lorsqu&#8217;ils gagnent un don suppl\u00e9mentaire.<\/p>\t\t\t\t\t\t\t\t<\/div>\n\t\t\t\t\t<\/div>\n\t\t\t\t<\/div>\n\t\t<div class=\"elementor-element elementor-element-6111a56 e-flex e-con-boxed e-con e-parent\" data-id=\"6111a56\" data-element_type=\"container\">\n\t\t\t\t\t<div class=\"e-con-inner\">\n\t\t\t\t<div class=\"elementor-element elementor-element-a1ab18f elementor-widget elementor-widget-button\" data-id=\"a1ab18f\" data-element_type=\"widget\" data-widget_type=\"button.default\">\n\t\t\t\t\t\t\t\t\t\t<a class=\"elementor-button elementor-button-link elementor-size-sm\" href=\"https:\/\/www.manuelcdm.fr\/index.php\/liste-des-dons\/\">\n\t\t\t\t\t\t<span class=\"elementor-button-content-wrapper\">\n\t\t\t\t\t\t\t\t\t<span class=\"elementor-button-text\">Liste des dons<\/span>\n\t\t\t\t\t<\/span>\n\t\t\t\t\t<\/a>\n\t\t\t\t\t\t\t\t<\/div>\n\t\t\t\t<div class=\"elementor-element elementor-element-dd567c8 elementor-widget elementor-widget-text-editor\" data-id=\"dd567c8\" data-element_type=\"widget\" data-widget_type=\"text-editor.default\">\n\t\t\t\t\t\t\t\t\t<p>Les dons de rage repr\u00e9sentent la ma\u00eetrise instinctive que certains barbares d\u00e9veloppent sur leur fureur.<br data-start=\"668\" data-end=\"671\" \/>Ces dons ne sont actifs que pendant une rage, lorsqu\u2019elle s\u2019ach\u00e8ve, tous leurs effets cessent imm\u00e9diatement.<\/p>\t\t\t\t\t\t\t\t<\/div>\n\t\t\t\t\t<\/div>\n\t\t\t\t<\/div>\n\t\t<div class=\"elementor-element elementor-element-6f591b9 e-flex e-con-boxed e-con e-parent\" data-id=\"6f591b9\" data-element_type=\"container\">\n\t\t\t\t\t<div class=\"e-con-inner\">\n\t\t\t\t<div class=\"elementor-element elementor-element-3856b5c elementor-widget elementor-widget-button\" data-id=\"3856b5c\" data-element_type=\"widget\" data-widget_type=\"button.default\">\n\t\t\t\t\t\t\t\t\t\t<a class=\"elementor-button elementor-button-link elementor-size-sm\" href=\"https:\/\/www.manuelcdm.fr\/index.php\/les-dons-de-rage\/\">\n\t\t\t\t\t\t<span class=\"elementor-button-content-wrapper\">\n\t\t\t\t\t\t\t\t\t<span class=\"elementor-button-text\">Liste des dons de rage<\/span>\n\t\t\t\t\t<\/span>\n\t\t\t\t\t<\/a>\n\t\t\t\t\t\t\t\t<\/div>\n\t\t\t\t\t<\/div>\n\t\t\t\t<\/div>\n\t\t<div class=\"elementor-element elementor-element-27a7889 e-flex e-con-boxed e-con e-parent\" data-id=\"27a7889\" data-element_type=\"container\">\n\t\t\t\t\t<div class=\"e-con-inner\">\n\t\t\t\t<div class=\"elementor-element elementor-element-5e1c2e8 elementor-widget elementor-widget-text-editor\" data-id=\"5e1c2e8\" data-element_type=\"widget\" data-widget_type=\"text-editor.default\">\n\t\t\t\t\t\t\t\t\t<p>Lorem ipsum dolor sit amet, consectetur adipiscing elit. Ut elit tellus, luctus nec ullamcorper mattis, pulvinar dapibus leo.<\/p>\t\t\t\t\t\t\t\t<\/div>\n\t\t\t\t\t<\/div>\n\t\t\t\t<\/div>\n\t\t<div class=\"elementor-element elementor-element-902d10f e-flex e-con-boxed e-con e-parent\" data-id=\"902d10f\" data-element_type=\"container\">\n\t\t\t\t\t<div class=\"e-con-inner\">\n\t\t\t\t<div class=\"elementor-element elementor-element-fc9c40c elementor-widget elementor-widget-button\" data-id=\"fc9c40c\" data-element_type=\"widget\" data-widget_type=\"button.default\">\n\t\t\t\t\t\t\t\t\t\t<a class=\"elementor-button elementor-button-link elementor-size-sm\" href=\"https:\/\/www.manuelcdm.fr\/index.php\/liste-des-dons\/\">\n\t\t\t\t\t\t<span class=\"elementor-button-content-wrapper\">\n\t\t\t\t\t\t\t\t\t<span class=\"elementor-button-text\">Liste des dons mythiques<\/span>\n\t\t\t\t\t<\/span>\n\t\t\t\t\t<\/a>\n\t\t\t\t\t\t\t\t<\/div>\n\t\t\t\t\t<\/div>\n\t\t\t\t<\/div>\n\t\t\t\t<\/div>\n\t\t","protected":false},"excerpt":{"rendered":"<p>Un don est une capacit\u00e9 sp\u00e9ciale qui donne de nouvelles capacit\u00e9 \u00e0 un personnage ou am\u00e9liore ses capacit\u00e9s. Certains dons demandent des conditions qui doivent\u00a0toutes\u00a0\u00eatre accomplies avant de prendre le don.Les dons appartiennent \u00e0 diff\u00e9rentes cat\u00e9gories, g\u00e9n\u00e9ral, guerrier, m\u00e9tamagie, divin, comp\u00e9tence, athl\u00e8te, etc&#8230; Il est possible qu&#8217;un personnage soit obliger de choisir une cat\u00e9gorie sp\u00e9cifique [&hellip;]<\/p>\n","protected":false},"author":1,"featured_media":0,"parent":0,"menu_order":0,"comment_status":"closed","ping_status":"closed","template":"","meta":{"_themeisle_gutenberg_block_has_review":false,"footnotes":""},"class_list":["post-920","page","type-page","status-publish","hentry"],"_links":{"self":[{"href":"https:\/\/www.manuelcdm.fr\/index.php\/wp-json\/wp\/v2\/pages\/920","targetHints":{"allow":["GET"]}}],"collection":[{"href":"https:\/\/www.manuelcdm.fr\/index.php\/wp-json\/wp\/v2\/pages"}],"about":[{"href":"https:\/\/www.manuelcdm.fr\/index.php\/wp-json\/wp\/v2\/types\/page"}],"author":[{"embeddable":true,"href":"https:\/\/www.manuelcdm.fr\/index.php\/wp-json\/wp\/v2\/users\/1"}],"replies":[{"embeddable":true,"href":"https:\/\/www.manuelcdm.fr\/index.php\/wp-json\/wp\/v2\/comments?post=920"}],"version-history":[{"count":16,"href":"https:\/\/www.manuelcdm.fr\/index.php\/wp-json\/wp\/v2\/pages\/920\/revisions"}],"predecessor-version":[{"id":947,"href":"https:\/\/www.manuelcdm.fr\/index.php\/wp-json\/wp\/v2\/pages\/920\/revisions\/947"}],"wp:attachment":[{"href":"https:\/\/www.manuelcdm.fr\/index.php\/wp-json\/wp\/v2\/media?parent=920"}],"curies":[{"name":"wp","href":"https:\/\/api.w.org\/{rel}","templated":true}]}}