{"id":964,"date":"2025-10-26T18:16:12","date_gmt":"2025-10-26T18:16:12","guid":{"rendered":"https:\/\/www.manuelcdm.fr\/?page_id=964"},"modified":"2025-11-29T23:48:51","modified_gmt":"2025-11-29T23:48:51","slug":"la-magie","status":"publish","type":"page","link":"https:\/\/www.manuelcdm.fr\/index.php\/la-magie\/","title":{"rendered":"La Magie"},"content":{"rendered":"\t\t<div data-elementor-type=\"wp-page\" data-elementor-id=\"964\" class=\"elementor elementor-964\">\n\t\t\t\t<div class=\"elementor-element elementor-element-1aba18c e-flex e-con-boxed e-con e-parent\" data-id=\"1aba18c\" data-element_type=\"container\">\n\t\t\t\t\t<div class=\"e-con-inner\">\n\t\t\t\t<div class=\"elementor-element elementor-element-24ea3a6 elementor-widget elementor-widget-text-editor\" data-id=\"24ea3a6\" data-element_type=\"widget\" data-widget_type=\"text-editor.default\">\n\t\t\t\t\t\t\t\t\t<p>Comme dans tout univers fantastique, la magie tient un r\u00f4le important. Il existe deux sortes de magie : la magie divine, donn\u00e9 par les dieux, et la magie des arcanes, aussi appel\u00e9e magie profane.<br \/>Heureusement, il n&#8217;y a pas que les lanceurs de sort \u00e0 pouvoir profiter de la magie. Des nombreux objets magiques sont cr\u00e9es, utilisables par chacun et des zones elles m\u00eame ont \u00e9t\u00e9 enchant\u00e9 par la magie.<br \/>Dans Faerun, la magie n&#8217;est pas rare, et fait m\u00eame partie de la vie de tous les jours dans de nombreuses r\u00e9gions tel Halruaa ou Thay. La magie de arcanes est donn\u00e9 par la Toile de Mystra. Toute d\u00e9formation de la Toile pose des probl\u00e8mes au lancement de sorts dans cette zone.<\/p>\t\t\t\t\t\t\t\t<\/div>\n\t\t\t\t\t<\/div>\n\t\t\t\t<\/div>\n\t\t<div class=\"elementor-element elementor-element-eccfcd8 e-flex e-con-boxed e-con e-parent\" data-id=\"eccfcd8\" data-element_type=\"container\">\n\t\t\t\t\t<div class=\"e-con-inner\">\n\t\t<div class=\"elementor-element elementor-element-6ed4b7c e-con-full e-flex e-con e-child\" data-id=\"6ed4b7c\" data-element_type=\"container\">\n\t\t\t\t<div class=\"elementor-element elementor-element-a3c6415 elementor-widget elementor-widget-button\" data-id=\"a3c6415\" data-element_type=\"widget\" data-widget_type=\"button.default\">\n\t\t\t\t\t\t\t\t\t\t<a class=\"elementor-button elementor-button-link elementor-size-sm\" href=\"https:\/\/www.manuelcdm.fr\/index.php\/elementor-982\/\">\n\t\t\t\t\t\t<span class=\"elementor-button-content-wrapper\">\n\t\t\t\t\t\t\t\t\t<span class=\"elementor-button-text\">Liste des sorts de magicien et d'ensorceleur<\/span>\n\t\t\t\t\t<\/span>\n\t\t\t\t\t<\/a>\n\t\t\t\t\t\t\t\t<\/div>\n\t\t\t\t<div class=\"elementor-element elementor-element-dce75a2 elementor-widget elementor-widget-button\" data-id=\"dce75a2\" data-element_type=\"widget\" data-widget_type=\"button.default\">\n\t\t\t\t\t\t\t\t\t\t<a class=\"elementor-button elementor-size-sm\" role=\"button\">\n\t\t\t\t\t\t<span class=\"elementor-button-content-wrapper\">\n\t\t\t\t\t\t\t\t\t<span class=\"elementor-button-text\">Liste des sorts de clerc et d'oracle<\/span>\n\t\t\t\t\t<\/span>\n\t\t\t\t\t<\/a>\n\t\t\t\t\t\t\t\t<\/div>\n\t\t\t\t<div class=\"elementor-element elementor-element-2f6e52a elementor-widget elementor-widget-button\" data-id=\"2f6e52a\" data-element_type=\"widget\" data-widget_type=\"button.default\">\n\t\t\t\t\t\t\t\t\t\t<a class=\"elementor-button elementor-size-sm\" role=\"button\">\n\t\t\t\t\t\t<span class=\"elementor-button-content-wrapper\">\n\t\t\t\t\t\t\t\t\t<span class=\"elementor-button-text\">Liste des sorts de sorci\u00e8re<\/span>\n\t\t\t\t\t<\/span>\n\t\t\t\t\t<\/a>\n\t\t\t\t\t\t\t\t<\/div>\n\t\t\t\t<div class=\"elementor-element elementor-element-cb19547 elementor-widget elementor-widget-button\" data-id=\"cb19547\" data-element_type=\"widget\" data-widget_type=\"button.default\">\n\t\t\t\t\t\t\t\t\t\t<a class=\"elementor-button elementor-size-sm\" role=\"button\">\n\t\t\t\t\t\t<span class=\"elementor-button-content-wrapper\">\n\t\t\t\t\t\t\t\t\t<span class=\"elementor-button-text\">Liste des sorts de druide<\/span>\n\t\t\t\t\t<\/span>\n\t\t\t\t\t<\/a>\n\t\t\t\t\t\t\t\t<\/div>\n\t\t\t\t<div class=\"elementor-element elementor-element-71b7bb2 elementor-widget elementor-widget-button\" data-id=\"71b7bb2\" data-element_type=\"widget\" data-widget_type=\"button.default\">\n\t\t\t\t\t\t\t\t\t\t<a class=\"elementor-button elementor-size-sm\" role=\"button\">\n\t\t\t\t\t\t<span class=\"elementor-button-content-wrapper\">\n\t\t\t\t\t\t\t\t\t<span class=\"elementor-button-text\">Liste des sorts de barde<\/span>\n\t\t\t\t\t<\/span>\n\t\t\t\t\t<\/a>\n\t\t\t\t\t\t\t\t<\/div>\n\t\t\t\t<div class=\"elementor-element elementor-element-5540ebd elementor-widget elementor-widget-button\" data-id=\"5540ebd\" data-element_type=\"widget\" data-widget_type=\"button.default\">\n\t\t\t\t\t\t\t\t\t\t<a class=\"elementor-button elementor-button-link elementor-size-sm\" href=\"https:\/\/www.manuelcdm.fr\/index.php\/liste-des-invocations-doccultiste\/\">\n\t\t\t\t\t\t<span class=\"elementor-button-content-wrapper\">\n\t\t\t\t\t\t\t\t\t<span class=\"elementor-button-text\">Liste des invocations d'occultiste<\/span>\n\t\t\t\t\t<\/span>\n\t\t\t\t\t<\/a>\n\t\t\t\t\t\t\t\t<\/div>\n\t\t\t\t<\/div>\n\t\t\t\t\t<\/div>\n\t\t\t\t<\/div>\n\t\t\t\t<\/div>\n\t\t","protected":false},"excerpt":{"rendered":"<p>Comme dans tout univers fantastique, la magie tient un r\u00f4le important. Il existe deux sortes de magie : la magie divine, donn\u00e9 par les dieux, et la magie des arcanes, aussi appel\u00e9e magie profane.Heureusement, il n&#8217;y a pas que les lanceurs de sort \u00e0 pouvoir profiter de la magie. Des nombreux objets magiques sont cr\u00e9es, [&hellip;]<\/p>\n","protected":false},"author":1,"featured_media":0,"parent":0,"menu_order":0,"comment_status":"closed","ping_status":"closed","template":"","meta":{"_themeisle_gutenberg_block_has_review":false,"footnotes":""},"class_list":["post-964","page","type-page","status-publish","hentry"],"_links":{"self":[{"href":"https:\/\/www.manuelcdm.fr\/index.php\/wp-json\/wp\/v2\/pages\/964","targetHints":{"allow":["GET"]}}],"collection":[{"href":"https:\/\/www.manuelcdm.fr\/index.php\/wp-json\/wp\/v2\/pages"}],"about":[{"href":"https:\/\/www.manuelcdm.fr\/index.php\/wp-json\/wp\/v2\/types\/page"}],"author":[{"embeddable":true,"href":"https:\/\/www.manuelcdm.fr\/index.php\/wp-json\/wp\/v2\/users\/1"}],"replies":[{"embeddable":true,"href":"https:\/\/www.manuelcdm.fr\/index.php\/wp-json\/wp\/v2\/comments?post=964"}],"version-history":[{"count":8,"href":"https:\/\/www.manuelcdm.fr\/index.php\/wp-json\/wp\/v2\/pages\/964\/revisions"}],"predecessor-version":[{"id":991,"href":"https:\/\/www.manuelcdm.fr\/index.php\/wp-json\/wp\/v2\/pages\/964\/revisions\/991"}],"wp:attachment":[{"href":"https:\/\/www.manuelcdm.fr\/index.php\/wp-json\/wp\/v2\/media?parent=964"}],"curies":[{"name":"wp","href":"https:\/\/api.w.org\/{rel}","templated":true}]}}