{"id":997,"date":"2025-11-29T23:59:11","date_gmt":"2025-11-29T23:59:11","guid":{"rendered":"https:\/\/www.manuelcdm.fr\/?page_id=997"},"modified":"2025-11-29T23:59:12","modified_gmt":"2025-11-29T23:59:12","slug":"detection-du-poison-divination","status":"publish","type":"page","link":"https:\/\/www.manuelcdm.fr\/index.php\/detection-du-poison-divination\/","title":{"rendered":"D\u00e9tection du poison (Divination)"},"content":{"rendered":"\n<p><strong>Temps d&#8217;incantation<\/strong>\u00a0: 1 action simple<br><strong>Port\u00e9e<\/strong>\u00a0: courte (7,50 m + 1,50 m\/2 niveaux)<br><strong>Cible<\/strong>\u00a0: 1 cr\u00e9ature, 1 objet ou 1 cube de 1,50 m d\u2019ar\u00eate<br><strong>Dur\u00e9e<\/strong>\u00a0: instantan\u00e9e<br><strong>Jet de sauvegarde<\/strong>\u00a0: aucun<br><strong>R\u00e9sistance \u00e0 la magie<\/strong>\u00a0: non<br>Ce sort permet de savoir si un individu, un objet ou un lieu a \u00e9t\u00e9 empoisonn\u00e9 ou est toxique. Le type de poison peut \u00eatre d\u00e9termin\u00e9 \u00e0 l\u2019aide d\u2019un test de Sagesse (DD 20). Un personnage ma\u00eetrisant la comp\u00e9tence Artisanat (alchimie) peut l\u2019utiliser si son test de Sagesse \u00e9choue. Le tests d\u2019Artisanat (alchimie) s\u2019accompagne \u00e9galement d\u2019un DD de 20. Il est \u00e9galement possible d\u2019effectuer le test d\u2019Artisanat (alchimie) avant celui de Sagesse.<br>Le sort fonctionne au travers des barri\u00e8res, \u00e0 condition qu\u2019elles ne soient pas trop \u00e9paisses : il est bloqu\u00e9 par 30 centim\u00e8tres de pierre, 2,5 centim\u00e8tres de m\u00e9tal, une mince feuille de plomb ou 90 centim\u00e8tres de bois ou de terre.<\/p>\n","protected":false},"excerpt":{"rendered":"<p>Temps d&#8217;incantation\u00a0: 1 action simplePort\u00e9e\u00a0: courte (7,50 m + 1,50 m\/2 niveaux)Cible\u00a0: 1 cr\u00e9ature, 1 objet ou 1 cube de 1,50 m d\u2019ar\u00eateDur\u00e9e\u00a0: instantan\u00e9eJet de sauvegarde\u00a0: aucunR\u00e9sistance \u00e0 la magie\u00a0: nonCe sort permet de savoir si un individu, un objet ou un lieu a \u00e9t\u00e9 empoisonn\u00e9 ou est toxique. Le type de poison peut \u00eatre [&hellip;]<\/p>\n","protected":false},"author":1,"featured_media":0,"parent":0,"menu_order":0,"comment_status":"closed","ping_status":"closed","template":"","meta":{"_themeisle_gutenberg_block_has_review":false,"footnotes":""},"class_list":["post-997","page","type-page","status-publish","hentry"],"_links":{"self":[{"href":"https:\/\/www.manuelcdm.fr\/index.php\/wp-json\/wp\/v2\/pages\/997","targetHints":{"allow":["GET"]}}],"collection":[{"href":"https:\/\/www.manuelcdm.fr\/index.php\/wp-json\/wp\/v2\/pages"}],"about":[{"href":"https:\/\/www.manuelcdm.fr\/index.php\/wp-json\/wp\/v2\/types\/page"}],"author":[{"embeddable":true,"href":"https:\/\/www.manuelcdm.fr\/index.php\/wp-json\/wp\/v2\/users\/1"}],"replies":[{"embeddable":true,"href":"https:\/\/www.manuelcdm.fr\/index.php\/wp-json\/wp\/v2\/comments?post=997"}],"version-history":[{"count":1,"href":"https:\/\/www.manuelcdm.fr\/index.php\/wp-json\/wp\/v2\/pages\/997\/revisions"}],"predecessor-version":[{"id":998,"href":"https:\/\/www.manuelcdm.fr\/index.php\/wp-json\/wp\/v2\/pages\/997\/revisions\/998"}],"wp:attachment":[{"href":"https:\/\/www.manuelcdm.fr\/index.php\/wp-json\/wp\/v2\/media?parent=997"}],"curies":[{"name":"wp","href":"https:\/\/api.w.org\/{rel}","templated":true}]}}