{"id":999,"date":"2025-11-29T23:59:59","date_gmt":"2025-11-29T23:59:59","guid":{"rendered":"https:\/\/www.manuelcdm.fr\/?page_id=999"},"modified":"2025-11-30T00:00:36","modified_gmt":"2025-11-30T00:00:36","slug":"lecture-de-la-magie-divination","status":"publish","type":"page","link":"https:\/\/www.manuelcdm.fr\/index.php\/lecture-de-la-magie-divination\/","title":{"rendered":"Lecture de la magie (Divination)"},"content":{"rendered":"\n<p><strong>Temps d&#8217;incantation<\/strong>\u00a0: 1 action simple<br><strong>Port\u00e9e<\/strong>\u00a0: personnelle<br><strong>Cible<\/strong>\u00a0: le jeteur de sorts<br><strong>Dur\u00e9e<\/strong>\u00a0: 10 minutes\/niveau<br>Ce sort permet de lire les inscriptions magiques qui seraient sinon inintelligibles (sur les parchemins, livres magiques, armes, etc.). En r\u00e8gle g\u00e9n\u00e9rale, ce d\u00e9chiffrage ne d\u00e9clenche pas la magie contenue dans le texte, sauf dans le cas des parchemins maudits. Une fois le sort jet\u00e9 et le texte compris, le personnage peut le lire aussi souvent qu\u2019il le souhaite. On lit \u00e0 la vitesse d\u2019une page (250 mots) par minute. Lecture de la magie permet d\u2019identifier un glyphe de garde sur un test d\u2019Art de la magie (DD 13), un glyphe de garde divin (Art de la magie, DD 16) et un symbole (\u00e9galement sur un test d\u2019Art de la magie, mais contre un DD \u00e9gal \u00e0 10 + niveau de sort)).<br>On peut user de permanence sur un sort de lecture de la magie.<\/p>\n","protected":false},"excerpt":{"rendered":"<p>Temps d&#8217;incantation\u00a0: 1 action simplePort\u00e9e\u00a0: personnelleCible\u00a0: le jeteur de sortsDur\u00e9e\u00a0: 10 minutes\/niveauCe sort permet de lire les inscriptions magiques qui seraient sinon inintelligibles (sur les parchemins, livres magiques, armes, etc.). En r\u00e8gle g\u00e9n\u00e9rale, ce d\u00e9chiffrage ne d\u00e9clenche pas la magie contenue dans le texte, sauf dans le cas des parchemins maudits. Une fois le sort [&hellip;]<\/p>\n","protected":false},"author":1,"featured_media":0,"parent":0,"menu_order":0,"comment_status":"closed","ping_status":"closed","template":"","meta":{"_themeisle_gutenberg_block_has_review":false,"footnotes":""},"class_list":["post-999","page","type-page","status-publish","hentry"],"_links":{"self":[{"href":"https:\/\/www.manuelcdm.fr\/index.php\/wp-json\/wp\/v2\/pages\/999","targetHints":{"allow":["GET"]}}],"collection":[{"href":"https:\/\/www.manuelcdm.fr\/index.php\/wp-json\/wp\/v2\/pages"}],"about":[{"href":"https:\/\/www.manuelcdm.fr\/index.php\/wp-json\/wp\/v2\/types\/page"}],"author":[{"embeddable":true,"href":"https:\/\/www.manuelcdm.fr\/index.php\/wp-json\/wp\/v2\/users\/1"}],"replies":[{"embeddable":true,"href":"https:\/\/www.manuelcdm.fr\/index.php\/wp-json\/wp\/v2\/comments?post=999"}],"version-history":[{"count":3,"href":"https:\/\/www.manuelcdm.fr\/index.php\/wp-json\/wp\/v2\/pages\/999\/revisions"}],"predecessor-version":[{"id":1003,"href":"https:\/\/www.manuelcdm.fr\/index.php\/wp-json\/wp\/v2\/pages\/999\/revisions\/1003"}],"wp:attachment":[{"href":"https:\/\/www.manuelcdm.fr\/index.php\/wp-json\/wp\/v2\/media?parent=999"}],"curies":[{"name":"wp","href":"https:\/\/api.w.org\/{rel}","templated":true}]}}